{"id":12,"date":"2024-08-09T21:08:43","date_gmt":"2024-08-09T21:08:43","guid":{"rendered":"https:\/\/bcardmexico.com\/streamingvirux\/index.php\/my-account\/"},"modified":"2024-08-16T18:01:05","modified_gmt":"2024-08-16T18:01:05","slug":"my-account","status":"publish","type":"page","link":"https:\/\/suplementos.bcardmexico.com\/?page_id=12","title":{"rendered":""},"content":{"rendered":"<div class=\"woocommerce\"><div class=\"woocommerce-notices-wrapper\"><\/div>\r\n<div class=\"u-columns col2-set woocommerce-account__summary\" id=\"customer_login\">\r\n\r\n\t<div class=\"woocommerce-account__heading\">\r\n\t\t<h2 class=\"active\" data-tab=\"login\">Iniciar Sesi\u00f3n<\/h2>\r\n\t\t\t\t\t<h2 class=\"register\" data-tab=\"register\">Crear Cuenta<\/h2>\r\n\t\t\t<\/div>\r\n\r\n\t<div class=\"woocommerce-account__form\">\r\n\t\t<form class=\"woocommerce-form woocommerce-form-login login active\" method=\"post\">\r\n\r\n\t\t\t\r\n\t\t\t<p class=\"woocommerce-form-row woocommerce-form-row--wide form-row form-row-wide\">\r\n\t\t\t\t<label>Correo electr\u00f3nico<\/label>\r\n\t\t\t\t<input type=\"text\" class=\"woocommerce-Input woocommerce-Input--text input-text\" name=\"username\" id=\"username\" autocomplete=\"username\" value=\"\" \/>\t\t\t<\/p>\r\n\t\t\t<p class=\"woocommerce-form-row woocommerce-form-row--wide form-row form-row-wide\">\r\n\t\t\t\t<label>Contrase\u00f1a<\/label>\r\n\t\t\t\t<input class=\"woocommerce-Input woocommerce-Input--text input-text\" type=\"password\" name=\"password\" id=\"password\" autocomplete=\"current-password\" \/>\r\n\t\t\t<\/p>\r\n\r\n\t\t\t\r\n\t\t\t<p class=\"form-row form-row-remember\">\r\n\t\t\t\t<label class=\"woocommerce-form__label woocommerce-form__label-for-checkbox woocommerce-form-login__rememberme\">\r\n\t\t\t\t\t<input class=\"woocommerce-form__input woocommerce-form__input-checkbox\" name=\"rememberme\" type=\"checkbox\" id=\"rememberme\" value=\"forever\" \/> <span>Mantener la sesi\u00f3n iniciada<\/span>\r\n\t\t\t\t<\/label>\r\n\t\t\t\t<a class=\"woocommerce-LostPassword lost_password\" href=\"https:\/\/suplementos.bcardmexico.com\/?page_id=12&#038;lost-password\">\u00bfOlvid\u00f3 la contrase\u00f1a?<\/a>\r\n\t\t\t<\/p>\r\n\t\t\t<p class=\"form-row\">\r\n\t\t\t\t<input type=\"hidden\" id=\"woocommerce-login-nonce\" name=\"woocommerce-login-nonce\" value=\"5d532e616f\" \/><input type=\"hidden\" name=\"_wp_http_referer\" value=\"\/index.php?rest_route=%2Fwp%2Fv2%2Fpages%2F12\" \/>\t\t\t\t<button type=\"submit\" class=\"woocommerce-button button woocommerce-form-login__submit\" name=\"login\">Iniciar Sesi\u00f3n<\/button>\r\n\t\t\t<\/p>\r\n\r\n\t\t\t\t\t\t\t\t\t\t<div class=\"motta-create-account\"><a href=\"#\">Nuevo Cliente? Crear cuenta<\/a><\/div>\r\n\t\t\t\t\t<\/form>\r\n\t\t\t\t\t<form method=\"post\" id=\"register\" class=\"woocommerce-form woocommerce-form-register register\"  >\r\n\r\n\t\t\t\t\r\n\t\t\t\t\r\n\t\t\t\t\r\n\t\t\t\t<p class=\"woocommerce-form-row woocommerce-form-row--wide form-row form-row-wide\">\r\n\t\t\t\t\t<label>Correo electr\u00f3nico<\/label>\r\n\t\t\t\t\t<input type=\"email\" class=\"woocommerce-Input woocommerce-Input--text input-text\" name=\"email\" id=\"reg_email\" autocomplete=\"email\" value=\"\" \/>\t\t\t\t<\/p>\r\n\r\n\t\t\t\t\r\n\t\t\t\t\t<p>Una contrase\u00f1a le ser\u00e1 enviada a su direcci\u00f3n de correo electr\u00f3nico.<\/p>\r\n\r\n\t\t\t\t\r\n\t\t\t\t<wc-order-attribution-inputs><\/wc-order-attribution-inputs><div class=\"woocommerce-privacy-policy-text\"><p>Your personal data will be used to support your experience throughout this website, to manage access to your account, and for other purposes described in our <a href=\"\" class=\"woocommerce-privacy-policy-link\" target=\"_blank\">privacy policy<\/a>.<\/p>\n<\/div>\r\n\t\t\t\t<p class=\"woocommerce-form-row form-row\">\r\n\t\t\t\t\t<input type=\"hidden\" id=\"woocommerce-register-nonce\" name=\"woocommerce-register-nonce\" value=\"5252c20693\" \/><input type=\"hidden\" name=\"_wp_http_referer\" value=\"\/index.php?rest_route=%2Fwp%2Fv2%2Fpages%2F12\" \/>\t\t\t\t\t<button type=\"submit\" class=\"woocommerce-Button woocommerce-button button woocommerce-form-register__submit\" name=\"register\" value=\"Registro\">Registro<\/button>\r\n\t\t\t\t<\/p>\r\n\r\n\t\t\t\t\r\n\t\t\t\t<div class=\"motta-sign-in\"><a href=\"#\">\u00bfYa eres miembro? Signo en<\/a><\/div>\r\n\t\t\t<\/form>\r\n\t\t\t<\/div>\r\n<\/div>\r\n\r\n<\/div>\n\n\n\n<p><\/p>\n","protected":false},"excerpt":{"rendered":"","protected":false},"author":1,"featured_media":0,"parent":0,"menu_order":0,"comment_status":"closed","ping_status":"closed","template":"","meta":{"footnotes":""},"class_list":["post-12","page","type-page","status-publish","hentry"],"yoast_head":"<!-- This site is optimized with the Yoast SEO Premium plugin v23.3 (Yoast SEO v23.3) - https:\/\/yoast.com\/wordpress\/plugins\/seo\/ -->\n<title>- Suplementos RC<\/title>\n<meta name=\"robots\" content=\"noindex, follow, max-snippet:-1, max-image-preview:large, max-video-preview:-1\" \/>\n<meta property=\"og:locale\" content=\"es_MX\" \/>\n<meta property=\"og:type\" content=\"article\" \/>\n<meta property=\"og:url\" content=\"https:\/\/suplementos.bcardmexico.com\/?page_id=12\" \/>\n<meta property=\"og:site_name\" content=\"Suplementos RC\" \/>\n<meta property=\"article:modified_time\" content=\"2024-08-16T18:01:05+00:00\" \/>\n<meta property=\"og:image\" content=\"https:\/\/suplementos.bcardmexico.com\/wp-content\/uploads\/2025\/06\/Mini.jpg\" \/>\n\t<meta property=\"og:image:width\" content=\"1200\" \/>\n\t<meta property=\"og:image:height\" content=\"1200\" \/>\n\t<meta property=\"og:image:type\" content=\"image\/jpeg\" \/>\n<meta name=\"twitter:card\" content=\"summary_large_image\" \/>\n<script type=\"application\/ld+json\" class=\"yoast-schema-graph\">{\"@context\":\"https:\/\/schema.org\",\"@graph\":[{\"@type\":\"WebPage\",\"@id\":\"https:\/\/suplementos.bcardmexico.com\/?page_id=12\",\"url\":\"https:\/\/suplementos.bcardmexico.com\/?page_id=12\",\"name\":\"- Suplementos RC\",\"isPartOf\":{\"@id\":\"https:\/\/suplementos.bcardmexico.com\/#website\"},\"datePublished\":\"2024-08-09T21:08:43+00:00\",\"dateModified\":\"2024-08-16T18:01:05+00:00\",\"inLanguage\":\"es\",\"potentialAction\":[{\"@type\":\"ReadAction\",\"target\":[\"https:\/\/suplementos.bcardmexico.com\/?page_id=12\"]}]},{\"@type\":\"WebSite\",\"@id\":\"https:\/\/suplementos.bcardmexico.com\/#website\",\"url\":\"https:\/\/suplementos.bcardmexico.com\/\",\"name\":\"Suplementos RC\",\"description\":\"Servicio confiable\",\"publisher\":{\"@id\":\"https:\/\/suplementos.bcardmexico.com\/#organization\"},\"alternateName\":\"Sumplementos\",\"potentialAction\":[{\"@type\":\"SearchAction\",\"target\":{\"@type\":\"EntryPoint\",\"urlTemplate\":\"https:\/\/suplementos.bcardmexico.com\/?s={search_term_string}\"},\"query-input\":\"required name=search_term_string\"}],\"inLanguage\":\"es\"},{\"@type\":\"Organization\",\"@id\":\"https:\/\/suplementos.bcardmexico.com\/#organization\",\"name\":\"StraamingVirux\",\"url\":\"https:\/\/suplementos.bcardmexico.com\/\",\"logo\":{\"@type\":\"ImageObject\",\"inLanguage\":\"es\",\"@id\":\"https:\/\/suplementos.bcardmexico.com\/#\/schema\/logo\/image\/\",\"url\":\"https:\/\/suplementos.bcardmexico.com\/wp-content\/uploads\/2025\/05\/cropped-StreamingVirux.jpeg\",\"contentUrl\":\"https:\/\/suplementos.bcardmexico.com\/wp-content\/uploads\/2025\/05\/cropped-StreamingVirux.jpeg\",\"width\":512,\"height\":512,\"caption\":\"StraamingVirux\"},\"image\":{\"@id\":\"https:\/\/suplementos.bcardmexico.com\/#\/schema\/logo\/image\/\"}}]}<\/script>\n<!-- \/ Yoast SEO Premium plugin. -->","yoast_head_json":{"title":"- Suplementos RC","robots":{"index":"noindex","follow":"follow","max-snippet":"max-snippet:-1","max-image-preview":"max-image-preview:large","max-video-preview":"max-video-preview:-1"},"og_locale":"es_MX","og_type":"article","og_url":"https:\/\/suplementos.bcardmexico.com\/?page_id=12","og_site_name":"Suplementos RC","article_modified_time":"2024-08-16T18:01:05+00:00","og_image":[{"width":1200,"height":1200,"url":"https:\/\/suplementos.bcardmexico.com\/wp-content\/uploads\/2025\/06\/Mini.jpg","type":"image\/jpeg"}],"twitter_card":"summary_large_image","schema":{"@context":"https:\/\/schema.org","@graph":[{"@type":"WebPage","@id":"https:\/\/suplementos.bcardmexico.com\/?page_id=12","url":"https:\/\/suplementos.bcardmexico.com\/?page_id=12","name":"- Suplementos RC","isPartOf":{"@id":"https:\/\/suplementos.bcardmexico.com\/#website"},"datePublished":"2024-08-09T21:08:43+00:00","dateModified":"2024-08-16T18:01:05+00:00","inLanguage":"es","potentialAction":[{"@type":"ReadAction","target":["https:\/\/suplementos.bcardmexico.com\/?page_id=12"]}]},{"@type":"WebSite","@id":"https:\/\/suplementos.bcardmexico.com\/#website","url":"https:\/\/suplementos.bcardmexico.com\/","name":"Suplementos RC","description":"Servicio confiable","publisher":{"@id":"https:\/\/suplementos.bcardmexico.com\/#organization"},"alternateName":"Sumplementos","potentialAction":[{"@type":"SearchAction","target":{"@type":"EntryPoint","urlTemplate":"https:\/\/suplementos.bcardmexico.com\/?s={search_term_string}"},"query-input":"required name=search_term_string"}],"inLanguage":"es"},{"@type":"Organization","@id":"https:\/\/suplementos.bcardmexico.com\/#organization","name":"StraamingVirux","url":"https:\/\/suplementos.bcardmexico.com\/","logo":{"@type":"ImageObject","inLanguage":"es","@id":"https:\/\/suplementos.bcardmexico.com\/#\/schema\/logo\/image\/","url":"https:\/\/suplementos.bcardmexico.com\/wp-content\/uploads\/2025\/05\/cropped-StreamingVirux.jpeg","contentUrl":"https:\/\/suplementos.bcardmexico.com\/wp-content\/uploads\/2025\/05\/cropped-StreamingVirux.jpeg","width":512,"height":512,"caption":"StraamingVirux"},"image":{"@id":"https:\/\/suplementos.bcardmexico.com\/#\/schema\/logo\/image\/"}}]}},"_links":{"self":[{"href":"https:\/\/suplementos.bcardmexico.com\/index.php?rest_route=\/wp\/v2\/pages\/12","targetHints":{"allow":["GET"]}}],"collection":[{"href":"https:\/\/suplementos.bcardmexico.com\/index.php?rest_route=\/wp\/v2\/pages"}],"about":[{"href":"https:\/\/suplementos.bcardmexico.com\/index.php?rest_route=\/wp\/v2\/types\/page"}],"author":[{"embeddable":true,"href":"https:\/\/suplementos.bcardmexico.com\/index.php?rest_route=\/wp\/v2\/users\/1"}],"replies":[{"embeddable":true,"href":"https:\/\/suplementos.bcardmexico.com\/index.php?rest_route=%2Fwp%2Fv2%2Fcomments&post=12"}],"version-history":[{"count":2,"href":"https:\/\/suplementos.bcardmexico.com\/index.php?rest_route=\/wp\/v2\/pages\/12\/revisions"}],"predecessor-version":[{"id":20938,"href":"https:\/\/suplementos.bcardmexico.com\/index.php?rest_route=\/wp\/v2\/pages\/12\/revisions\/20938"}],"wp:attachment":[{"href":"https:\/\/suplementos.bcardmexico.com\/index.php?rest_route=%2Fwp%2Fv2%2Fmedia&parent=12"}],"curies":[{"name":"wp","href":"https:\/\/api.w.org\/{rel}","templated":true}]}}