{"id":8911,"date":"2022-07-11T09:37:49","date_gmt":"2022-07-11T09:37:49","guid":{"rendered":"http:\/\/localhost\/dev\/motta\/?page_id=8911"},"modified":"2022-07-11T09:37:49","modified_gmt":"2022-07-11T09:37:49","slug":"tracking-order","status":"publish","type":"page","link":"https:\/\/suplementos.bcardmexico.com\/?page_id=8911","title":{"rendered":"Track Order"},"content":{"rendered":"<div class=\"woocommerce\">\r\n<form action=\"https:\/\/suplementos.bcardmexico.com\/?page_id=8911\" method=\"post\" class=\"woocommerce-form woocommerce-form-track-order track_order\">\r\n\r\n\t\r\n\t<p>Para el seguimiento de su pedido, por favor, introduzca su ID de Pedido en la casilla de abajo y pulse el bot\u00f3n &quot;Pista&quot; bot\u00f3n. Esto fue dado a usted en el recibo y en el correo electr\u00f3nico de confirmaci\u00f3n que deber\u00eda haber recibido.<\/p>\r\n\t<div class=\"form-tracking-order-info\">\r\n\t\t<p class=\"form-row form-row-first\"><label for=\"orderid\">IDENTIFICACI\u00d3N de la orden<\/label> <input class=\"input-text\" type=\"text\" name=\"orderid\" id=\"orderid\" value=\"\" placeholder=\"Se encuentra en su email de confirmaci\u00f3n de pedido.\" \/><\/p>\t\t<p class=\"form-row form-row-last\"><label for=\"order_email\">Correo electr\u00f3nico de facturaci\u00f3n<\/label> <input class=\"input-text\" type=\"text\" name=\"order_email\" id=\"order_email\" value=\"\" placeholder=\"Correo electr\u00f3nico durante el proceso de compra.\" \/><\/p>\t\t<div class=\"clear\"><\/div>\r\n\r\n\t\t\r\n\t\t<p class=\"form-row\"><button type=\"submit\" class=\"button\" name=\"track\" value=\"Seguimiento\">Seguimiento<\/button><\/p>\r\n\t\t<input type=\"hidden\" id=\"woocommerce-order-tracking-nonce\" name=\"woocommerce-order-tracking-nonce\" value=\"00df56e7b3\" \/><input type=\"hidden\" name=\"_wp_http_referer\" value=\"\/index.php?rest_route=%2Fwp%2Fv2%2Fpages%2F8911\" \/>\t<\/div>\r\n\t\r\n<\/form>\r\n<\/div>\n","protected":false},"excerpt":{"rendered":"","protected":false},"author":1,"featured_media":0,"parent":0,"menu_order":0,"comment_status":"closed","ping_status":"closed","template":"","meta":{"footnotes":""},"class_list":["post-8911","page","type-page","status-publish","hentry"],"yoast_head":"<!-- This site is optimized with the Yoast SEO Premium plugin v23.3 (Yoast SEO v23.3) - https:\/\/yoast.com\/wordpress\/plugins\/seo\/ -->\n<title>Track Order - Suplementos RC<\/title>\n<meta name=\"robots\" content=\"noindex, follow, max-snippet:-1, max-image-preview:large, max-video-preview:-1\" \/>\n<meta property=\"og:locale\" content=\"es_MX\" \/>\n<meta property=\"og:type\" content=\"article\" \/>\n<meta property=\"og:title\" content=\"Track Order\" \/>\n<meta property=\"og:url\" content=\"https:\/\/suplementos.bcardmexico.com\/?page_id=8911\" \/>\n<meta property=\"og:site_name\" content=\"Suplementos RC\" \/>\n<meta property=\"og:image\" content=\"https:\/\/suplementos.bcardmexico.com\/wp-content\/uploads\/2025\/06\/Mini.jpg\" \/>\n\t<meta property=\"og:image:width\" content=\"1200\" \/>\n\t<meta property=\"og:image:height\" content=\"1200\" \/>\n\t<meta property=\"og:image:type\" content=\"image\/jpeg\" \/>\n<meta name=\"twitter:card\" content=\"summary_large_image\" \/>\n<script type=\"application\/ld+json\" class=\"yoast-schema-graph\">{\"@context\":\"https:\/\/schema.org\",\"@graph\":[{\"@type\":\"WebPage\",\"@id\":\"https:\/\/suplementos.bcardmexico.com\/?page_id=8911\",\"url\":\"https:\/\/suplementos.bcardmexico.com\/?page_id=8911\",\"name\":\"Track Order - Suplementos RC\",\"isPartOf\":{\"@id\":\"https:\/\/suplementos.bcardmexico.com\/#website\"},\"datePublished\":\"2022-07-11T09:37:49+00:00\",\"dateModified\":\"2022-07-11T09:37:49+00:00\",\"breadcrumb\":{\"@id\":\"https:\/\/suplementos.bcardmexico.com\/?page_id=8911#breadcrumb\"},\"inLanguage\":\"es\",\"potentialAction\":[{\"@type\":\"ReadAction\",\"target\":[\"https:\/\/suplementos.bcardmexico.com\/?page_id=8911\"]}]},{\"@type\":\"BreadcrumbList\",\"@id\":\"https:\/\/suplementos.bcardmexico.com\/?page_id=8911#breadcrumb\",\"itemListElement\":[{\"@type\":\"ListItem\",\"position\":1,\"name\":\"Inicio\",\"item\":\"https:\/\/suplementos.bcardmexico.com\/\"},{\"@type\":\"ListItem\",\"position\":2,\"name\":\"Track Order\"}]},{\"@type\":\"WebSite\",\"@id\":\"https:\/\/suplementos.bcardmexico.com\/#website\",\"url\":\"https:\/\/suplementos.bcardmexico.com\/\",\"name\":\"Suplementos RC\",\"description\":\"Servicio confiable\",\"publisher\":{\"@id\":\"https:\/\/suplementos.bcardmexico.com\/#organization\"},\"alternateName\":\"Sumplementos\",\"potentialAction\":[{\"@type\":\"SearchAction\",\"target\":{\"@type\":\"EntryPoint\",\"urlTemplate\":\"https:\/\/suplementos.bcardmexico.com\/?s={search_term_string}\"},\"query-input\":\"required name=search_term_string\"}],\"inLanguage\":\"es\"},{\"@type\":\"Organization\",\"@id\":\"https:\/\/suplementos.bcardmexico.com\/#organization\",\"name\":\"StraamingVirux\",\"url\":\"https:\/\/suplementos.bcardmexico.com\/\",\"logo\":{\"@type\":\"ImageObject\",\"inLanguage\":\"es\",\"@id\":\"https:\/\/suplementos.bcardmexico.com\/#\/schema\/logo\/image\/\",\"url\":\"https:\/\/suplementos.bcardmexico.com\/wp-content\/uploads\/2025\/05\/cropped-StreamingVirux.jpeg\",\"contentUrl\":\"https:\/\/suplementos.bcardmexico.com\/wp-content\/uploads\/2025\/05\/cropped-StreamingVirux.jpeg\",\"width\":512,\"height\":512,\"caption\":\"StraamingVirux\"},\"image\":{\"@id\":\"https:\/\/suplementos.bcardmexico.com\/#\/schema\/logo\/image\/\"}}]}<\/script>\n<!-- \/ Yoast SEO Premium plugin. -->","yoast_head_json":{"title":"Track Order - Suplementos RC","robots":{"index":"noindex","follow":"follow","max-snippet":"max-snippet:-1","max-image-preview":"max-image-preview:large","max-video-preview":"max-video-preview:-1"},"og_locale":"es_MX","og_type":"article","og_title":"Track Order","og_url":"https:\/\/suplementos.bcardmexico.com\/?page_id=8911","og_site_name":"Suplementos RC","og_image":[{"width":1200,"height":1200,"url":"https:\/\/suplementos.bcardmexico.com\/wp-content\/uploads\/2025\/06\/Mini.jpg","type":"image\/jpeg"}],"twitter_card":"summary_large_image","schema":{"@context":"https:\/\/schema.org","@graph":[{"@type":"WebPage","@id":"https:\/\/suplementos.bcardmexico.com\/?page_id=8911","url":"https:\/\/suplementos.bcardmexico.com\/?page_id=8911","name":"Track Order - Suplementos RC","isPartOf":{"@id":"https:\/\/suplementos.bcardmexico.com\/#website"},"datePublished":"2022-07-11T09:37:49+00:00","dateModified":"2022-07-11T09:37:49+00:00","breadcrumb":{"@id":"https:\/\/suplementos.bcardmexico.com\/?page_id=8911#breadcrumb"},"inLanguage":"es","potentialAction":[{"@type":"ReadAction","target":["https:\/\/suplementos.bcardmexico.com\/?page_id=8911"]}]},{"@type":"BreadcrumbList","@id":"https:\/\/suplementos.bcardmexico.com\/?page_id=8911#breadcrumb","itemListElement":[{"@type":"ListItem","position":1,"name":"Inicio","item":"https:\/\/suplementos.bcardmexico.com\/"},{"@type":"ListItem","position":2,"name":"Track Order"}]},{"@type":"WebSite","@id":"https:\/\/suplementos.bcardmexico.com\/#website","url":"https:\/\/suplementos.bcardmexico.com\/","name":"Suplementos RC","description":"Servicio confiable","publisher":{"@id":"https:\/\/suplementos.bcardmexico.com\/#organization"},"alternateName":"Sumplementos","potentialAction":[{"@type":"SearchAction","target":{"@type":"EntryPoint","urlTemplate":"https:\/\/suplementos.bcardmexico.com\/?s={search_term_string}"},"query-input":"required name=search_term_string"}],"inLanguage":"es"},{"@type":"Organization","@id":"https:\/\/suplementos.bcardmexico.com\/#organization","name":"StraamingVirux","url":"https:\/\/suplementos.bcardmexico.com\/","logo":{"@type":"ImageObject","inLanguage":"es","@id":"https:\/\/suplementos.bcardmexico.com\/#\/schema\/logo\/image\/","url":"https:\/\/suplementos.bcardmexico.com\/wp-content\/uploads\/2025\/05\/cropped-StreamingVirux.jpeg","contentUrl":"https:\/\/suplementos.bcardmexico.com\/wp-content\/uploads\/2025\/05\/cropped-StreamingVirux.jpeg","width":512,"height":512,"caption":"StraamingVirux"},"image":{"@id":"https:\/\/suplementos.bcardmexico.com\/#\/schema\/logo\/image\/"}}]}},"_links":{"self":[{"href":"https:\/\/suplementos.bcardmexico.com\/index.php?rest_route=\/wp\/v2\/pages\/8911","targetHints":{"allow":["GET"]}}],"collection":[{"href":"https:\/\/suplementos.bcardmexico.com\/index.php?rest_route=\/wp\/v2\/pages"}],"about":[{"href":"https:\/\/suplementos.bcardmexico.com\/index.php?rest_route=\/wp\/v2\/types\/page"}],"author":[{"embeddable":true,"href":"https:\/\/suplementos.bcardmexico.com\/index.php?rest_route=\/wp\/v2\/users\/1"}],"replies":[{"embeddable":true,"href":"https:\/\/suplementos.bcardmexico.com\/index.php?rest_route=%2Fwp%2Fv2%2Fcomments&post=8911"}],"version-history":[{"count":0,"href":"https:\/\/suplementos.bcardmexico.com\/index.php?rest_route=\/wp\/v2\/pages\/8911\/revisions"}],"wp:attachment":[{"href":"https:\/\/suplementos.bcardmexico.com\/index.php?rest_route=%2Fwp%2Fv2%2Fmedia&parent=8911"}],"curies":[{"name":"wp","href":"https:\/\/api.w.org\/{rel}","templated":true}]}}