{"id":21336,"date":"2025-06-03T21:34:26","date_gmt":"2025-06-03T21:34:26","guid":{"rendered":"https:\/\/suplementos.bcardmexico.com\/?post_type=product&#038;p=21336"},"modified":"2025-06-03T21:34:26","modified_gmt":"2025-06-03T21:34:26","slug":"nitraflex-whey","status":"publish","type":"product","link":"https:\/\/suplementos.bcardmexico.com\/?product=nitraflex-whey","title":{"rendered":"Nitraflex  Whey"},"content":{"rendered":"<ul class=\"a-unordered-list a-vertical a-spacing-mini\">\n<li class=\"a-spacing-mini\"><span class=\"a-list-item\">Mezcla de prote\u00edna de suero de alta calidad: Nitraflex Whey Protein cuenta con una combinaci\u00f3n premium de aislado y concentrado de prote\u00edna de suero de leche de digesti\u00f3n r\u00e1pida, proporcionando 0.88 oz de prote\u00edna de alta calidad por porci\u00f3n para apoyar el crecimiento muscular y la recuperaci\u00f3n.<\/span><\/li>\n<li class=\"a-spacing-mini\"><span class=\"a-list-item\">Recuperaci\u00f3n y rendimiento avanzados: perfecta para la recuperaci\u00f3n despu\u00e9s del entrenamiento, esta f\u00f3rmula incluye amino\u00e1cidos esenciales (EAA) y amino\u00e1cidos de cadena ramificada (BCAA) para alimentar la reparaci\u00f3n muscular, reducir el dolor y mejorar la resistencia.<\/span><\/li>\n<li class=\"a-spacing-mini\"><span class=\"a-list-item\">F\u00f3rmula baja en carbohidratos, baja en grasa: dise\u00f1ada para la construcci\u00f3n de m\u00fasculo magro, Nitraflex Whey Protein ofrece una fuente de prote\u00edna limpia con un m\u00ednimo de carbohidratos y grasas, por lo que es ideal para entusiastas del fitness y atletas.<\/span><\/li>\n<\/ul>\n","protected":false},"excerpt":{"rendered":"<ul class=\"a-unordered-list a-vertical a-spacing-mini\">\n<li class=\"a-spacing-mini\"><span class=\"a-list-item\">Sabores de gran sabor: disfruta de una textura suave y cremosa y una gama de deliciosos sabores que hacen de cada batido un placer, ya sea mezclado con agua, leche o tu batido favorito.<\/span><\/li>\n<li class=\"a-spacing-mini\"><span class=\"a-list-item\">Probado para calidad y pureza: fabricado en una instalaci\u00f3n certificada por GMP y probado por terceros, Nitraflex Whey Protein garantiza que obtenga un producto seguro y limpio que respalde sus objetivos de fitness.<\/span><\/li>\n<li class=\"a-spacing-mini\"><span class=\"a-list-item\">Vers\u00e1til y f\u00e1cil de usar: se mezcla instant\u00e1neamente en agua o leche para un r\u00e1pido impulso de prote\u00ednas despu\u00e9s del entrenamiento, como reemplazo de comidas o en cualquier momento durante el d\u00eda para satisfacer sus necesidades nutricionales.<\/span><\/li>\n<\/ul>\n","protected":false},"featured_media":21337,"comment_status":"open","ping_status":"closed","template":"","meta":[],"product_cat":[432],"product_tag":[],"class_list":{"0":"post-21336","1":"product","2":"type-product","3":"status-publish","4":"has-post-thumbnail","6":"product_cat-proteina","8":"first","9":"instock","10":"shipping-taxable","11":"product-type-simple"},"yoast_head":"<!-- This site is optimized with the Yoast SEO Premium plugin v23.3 (Yoast SEO v23.3) - https:\/\/yoast.com\/wordpress\/plugins\/seo\/ -->\n<title>Nitraflex Whey - Suplementos RC<\/title>\n<meta name=\"robots\" content=\"noindex, follow, max-snippet:-1, max-image-preview:large, max-video-preview:-1\" \/>\n<meta property=\"og:locale\" content=\"es_MX\" \/>\n<meta property=\"og:type\" content=\"article\" \/>\n<meta property=\"og:title\" content=\"Nitraflex Whey\" \/>\n<meta property=\"og:description\" content=\"Sabores de gran sabor: disfruta de una textura suave y cremosa y una gama de deliciosos sabores que hacen de cada batido un placer, ya sea mezclado con agua, leche o tu batido favorito.  Probado para calidad y pureza: fabricado en una instalaci\u00f3n certificada por GMP y probado por terceros, Nitraflex Whey Protein garantiza que obtenga un producto seguro y limpio que respalde sus objetivos de fitness.  Vers\u00e1til y f\u00e1cil de usar: se mezcla instant\u00e1neamente en agua o leche para un r\u00e1pido impulso de prote\u00ednas despu\u00e9s del entrenamiento, como reemplazo de comidas o en cualquier momento durante el d\u00eda para satisfacer sus necesidades nutricionales.\" \/>\n<meta property=\"og:url\" content=\"https:\/\/suplementos.bcardmexico.com\/?product=nitraflex-whey\" \/>\n<meta property=\"og:site_name\" content=\"Suplementos RC\" \/>\n<meta property=\"og:image\" content=\"https:\/\/suplementos.bcardmexico.com\/wp-content\/uploads\/2025\/06\/NITRA.jpg\" \/>\n\t<meta property=\"og:image:width\" content=\"1200\" \/>\n\t<meta property=\"og:image:height\" content=\"1200\" \/>\n\t<meta property=\"og:image:type\" content=\"image\/jpeg\" \/>\n<meta name=\"twitter:card\" content=\"summary_large_image\" \/>\n<meta name=\"twitter:label1\" content=\"Tiempo de lectura\" \/>\n\t<meta name=\"twitter:data1\" content=\"1 minuto\" \/>\n<script type=\"application\/ld+json\" class=\"yoast-schema-graph\">{\"@context\":\"https:\/\/schema.org\",\"@graph\":[{\"@type\":\"WebPage\",\"@id\":\"https:\/\/suplementos.bcardmexico.com\/?product=nitraflex-whey\",\"url\":\"https:\/\/suplementos.bcardmexico.com\/?product=nitraflex-whey\",\"name\":\"Nitraflex Whey - Suplementos RC\",\"isPartOf\":{\"@id\":\"https:\/\/suplementos.bcardmexico.com\/#website\"},\"primaryImageOfPage\":{\"@id\":\"https:\/\/suplementos.bcardmexico.com\/?product=nitraflex-whey#primaryimage\"},\"image\":{\"@id\":\"https:\/\/suplementos.bcardmexico.com\/?product=nitraflex-whey#primaryimage\"},\"thumbnailUrl\":\"https:\/\/suplementos.bcardmexico.com\/wp-content\/uploads\/2025\/06\/NITRA.jpg\",\"datePublished\":\"2025-06-03T21:34:26+00:00\",\"dateModified\":\"2025-06-03T21:34:26+00:00\",\"breadcrumb\":{\"@id\":\"https:\/\/suplementos.bcardmexico.com\/?product=nitraflex-whey#breadcrumb\"},\"inLanguage\":\"es\",\"potentialAction\":[{\"@type\":\"ReadAction\",\"target\":[\"https:\/\/suplementos.bcardmexico.com\/?product=nitraflex-whey\"]}]},{\"@type\":\"ImageObject\",\"inLanguage\":\"es\",\"@id\":\"https:\/\/suplementos.bcardmexico.com\/?product=nitraflex-whey#primaryimage\",\"url\":\"https:\/\/suplementos.bcardmexico.com\/wp-content\/uploads\/2025\/06\/NITRA.jpg\",\"contentUrl\":\"https:\/\/suplementos.bcardmexico.com\/wp-content\/uploads\/2025\/06\/NITRA.jpg\",\"width\":1200,\"height\":1200},{\"@type\":\"BreadcrumbList\",\"@id\":\"https:\/\/suplementos.bcardmexico.com\/?product=nitraflex-whey#breadcrumb\",\"itemListElement\":[{\"@type\":\"ListItem\",\"position\":1,\"name\":\"Inicio\",\"item\":\"https:\/\/suplementos.bcardmexico.com\/\"},{\"@type\":\"ListItem\",\"position\":2,\"name\":\"Shop\",\"item\":\"https:\/\/suplementos.bcardmexico.com\/?page_id=9\"},{\"@type\":\"ListItem\",\"position\":3,\"name\":\"Nitraflex Whey\"}]},{\"@type\":\"WebSite\",\"@id\":\"https:\/\/suplementos.bcardmexico.com\/#website\",\"url\":\"https:\/\/suplementos.bcardmexico.com\/\",\"name\":\"Suplementos RC\",\"description\":\"Servicio confiable\",\"publisher\":{\"@id\":\"https:\/\/suplementos.bcardmexico.com\/#organization\"},\"alternateName\":\"Sumplementos\",\"potentialAction\":[{\"@type\":\"SearchAction\",\"target\":{\"@type\":\"EntryPoint\",\"urlTemplate\":\"https:\/\/suplementos.bcardmexico.com\/?s={search_term_string}\"},\"query-input\":\"required name=search_term_string\"}],\"inLanguage\":\"es\"},{\"@type\":\"Organization\",\"@id\":\"https:\/\/suplementos.bcardmexico.com\/#organization\",\"name\":\"StraamingVirux\",\"url\":\"https:\/\/suplementos.bcardmexico.com\/\",\"logo\":{\"@type\":\"ImageObject\",\"inLanguage\":\"es\",\"@id\":\"https:\/\/suplementos.bcardmexico.com\/#\/schema\/logo\/image\/\",\"url\":\"https:\/\/suplementos.bcardmexico.com\/wp-content\/uploads\/2025\/05\/cropped-StreamingVirux.jpeg\",\"contentUrl\":\"https:\/\/suplementos.bcardmexico.com\/wp-content\/uploads\/2025\/05\/cropped-StreamingVirux.jpeg\",\"width\":512,\"height\":512,\"caption\":\"StraamingVirux\"},\"image\":{\"@id\":\"https:\/\/suplementos.bcardmexico.com\/#\/schema\/logo\/image\/\"}}]}<\/script>\n<!-- \/ Yoast SEO Premium plugin. -->","yoast_head_json":{"title":"Nitraflex Whey - Suplementos RC","robots":{"index":"noindex","follow":"follow","max-snippet":"max-snippet:-1","max-image-preview":"max-image-preview:large","max-video-preview":"max-video-preview:-1"},"og_locale":"es_MX","og_type":"article","og_title":"Nitraflex Whey","og_description":"Sabores de gran sabor: disfruta de una textura suave y cremosa y una gama de deliciosos sabores que hacen de cada batido un placer, ya sea mezclado con agua, leche o tu batido favorito.  Probado para calidad y pureza: fabricado en una instalaci\u00f3n certificada por GMP y probado por terceros, Nitraflex Whey Protein garantiza que obtenga un producto seguro y limpio que respalde sus objetivos de fitness.  Vers\u00e1til y f\u00e1cil de usar: se mezcla instant\u00e1neamente en agua o leche para un r\u00e1pido impulso de prote\u00ednas despu\u00e9s del entrenamiento, como reemplazo de comidas o en cualquier momento durante el d\u00eda para satisfacer sus necesidades nutricionales.","og_url":"https:\/\/suplementos.bcardmexico.com\/?product=nitraflex-whey","og_site_name":"Suplementos RC","og_image":[{"width":1200,"height":1200,"url":"https:\/\/suplementos.bcardmexico.com\/wp-content\/uploads\/2025\/06\/NITRA.jpg","type":"image\/jpeg"}],"twitter_card":"summary_large_image","twitter_misc":{"Tiempo de lectura":"1 minuto"},"schema":{"@context":"https:\/\/schema.org","@graph":[{"@type":"WebPage","@id":"https:\/\/suplementos.bcardmexico.com\/?product=nitraflex-whey","url":"https:\/\/suplementos.bcardmexico.com\/?product=nitraflex-whey","name":"Nitraflex Whey - Suplementos RC","isPartOf":{"@id":"https:\/\/suplementos.bcardmexico.com\/#website"},"primaryImageOfPage":{"@id":"https:\/\/suplementos.bcardmexico.com\/?product=nitraflex-whey#primaryimage"},"image":{"@id":"https:\/\/suplementos.bcardmexico.com\/?product=nitraflex-whey#primaryimage"},"thumbnailUrl":"https:\/\/suplementos.bcardmexico.com\/wp-content\/uploads\/2025\/06\/NITRA.jpg","datePublished":"2025-06-03T21:34:26+00:00","dateModified":"2025-06-03T21:34:26+00:00","breadcrumb":{"@id":"https:\/\/suplementos.bcardmexico.com\/?product=nitraflex-whey#breadcrumb"},"inLanguage":"es","potentialAction":[{"@type":"ReadAction","target":["https:\/\/suplementos.bcardmexico.com\/?product=nitraflex-whey"]}]},{"@type":"ImageObject","inLanguage":"es","@id":"https:\/\/suplementos.bcardmexico.com\/?product=nitraflex-whey#primaryimage","url":"https:\/\/suplementos.bcardmexico.com\/wp-content\/uploads\/2025\/06\/NITRA.jpg","contentUrl":"https:\/\/suplementos.bcardmexico.com\/wp-content\/uploads\/2025\/06\/NITRA.jpg","width":1200,"height":1200},{"@type":"BreadcrumbList","@id":"https:\/\/suplementos.bcardmexico.com\/?product=nitraflex-whey#breadcrumb","itemListElement":[{"@type":"ListItem","position":1,"name":"Inicio","item":"https:\/\/suplementos.bcardmexico.com\/"},{"@type":"ListItem","position":2,"name":"Shop","item":"https:\/\/suplementos.bcardmexico.com\/?page_id=9"},{"@type":"ListItem","position":3,"name":"Nitraflex Whey"}]},{"@type":"WebSite","@id":"https:\/\/suplementos.bcardmexico.com\/#website","url":"https:\/\/suplementos.bcardmexico.com\/","name":"Suplementos RC","description":"Servicio confiable","publisher":{"@id":"https:\/\/suplementos.bcardmexico.com\/#organization"},"alternateName":"Sumplementos","potentialAction":[{"@type":"SearchAction","target":{"@type":"EntryPoint","urlTemplate":"https:\/\/suplementos.bcardmexico.com\/?s={search_term_string}"},"query-input":"required name=search_term_string"}],"inLanguage":"es"},{"@type":"Organization","@id":"https:\/\/suplementos.bcardmexico.com\/#organization","name":"StraamingVirux","url":"https:\/\/suplementos.bcardmexico.com\/","logo":{"@type":"ImageObject","inLanguage":"es","@id":"https:\/\/suplementos.bcardmexico.com\/#\/schema\/logo\/image\/","url":"https:\/\/suplementos.bcardmexico.com\/wp-content\/uploads\/2025\/05\/cropped-StreamingVirux.jpeg","contentUrl":"https:\/\/suplementos.bcardmexico.com\/wp-content\/uploads\/2025\/05\/cropped-StreamingVirux.jpeg","width":512,"height":512,"caption":"StraamingVirux"},"image":{"@id":"https:\/\/suplementos.bcardmexico.com\/#\/schema\/logo\/image\/"}}]}},"_links":{"self":[{"href":"https:\/\/suplementos.bcardmexico.com\/index.php?rest_route=\/wp\/v2\/product\/21336","targetHints":{"allow":["GET"]}}],"collection":[{"href":"https:\/\/suplementos.bcardmexico.com\/index.php?rest_route=\/wp\/v2\/product"}],"about":[{"href":"https:\/\/suplementos.bcardmexico.com\/index.php?rest_route=\/wp\/v2\/types\/product"}],"replies":[{"embeddable":true,"href":"https:\/\/suplementos.bcardmexico.com\/index.php?rest_route=%2Fwp%2Fv2%2Fcomments&post=21336"}],"wp:featuredmedia":[{"embeddable":true,"href":"https:\/\/suplementos.bcardmexico.com\/index.php?rest_route=\/wp\/v2\/media\/21337"}],"wp:attachment":[{"href":"https:\/\/suplementos.bcardmexico.com\/index.php?rest_route=%2Fwp%2Fv2%2Fmedia&parent=21336"}],"wp:term":[{"taxonomy":"product_cat","embeddable":true,"href":"https:\/\/suplementos.bcardmexico.com\/index.php?rest_route=%2Fwp%2Fv2%2Fproduct_cat&post=21336"},{"taxonomy":"product_tag","embeddable":true,"href":"https:\/\/suplementos.bcardmexico.com\/index.php?rest_route=%2Fwp%2Fv2%2Fproduct_tag&post=21336"}],"curies":[{"name":"wp","href":"https:\/\/api.w.org\/{rel}","templated":true}]}}