{"id":21340,"date":"2025-06-03T21:37:53","date_gmt":"2025-06-03T21:37:53","guid":{"rendered":"https:\/\/suplementos.bcardmexico.com\/?post_type=product&#038;p=21340"},"modified":"2025-06-03T21:37:54","modified_gmt":"2025-06-03T21:37:54","slug":"r-c-ronnie-coleman-creatina","status":"publish","type":"product","link":"https:\/\/suplementos.bcardmexico.com\/?product=r-c-ronnie-coleman-creatina","title":{"rendered":"R C Ronnie Coleman Creatina"},"content":{"rendered":"<ul>\n<li>MONOHIDRATO DE CREATINA 100% PURO La Creatina es uno de los suplementos m\u00e1s investigados cient\u00edficamente de todos los tiempos, y ha demostrado una y otra vez su valor en el mundo de los suplementos. La Creatina apoya en la producci\u00f3n de ATP, la principal fuente de energ\u00eda de los m\u00fasculos en el cuerpo. La Creatina combinada con Beta\u00edna y con prote\u00ednas de calidad ayudan a crear el mejor ambiente posible para que tus m\u00fasculos sanen despu\u00e9s de un entrenamiento.<\/li>\n<\/ul>\n","protected":false},"excerpt":{"rendered":"<p>MONOHIDRATO DE CREATINA 100% PURO La Creatina es uno de los suplementos m\u00e1s investigados cient\u00edficamente de todos los tiempos, y ha demostrado una y otra vez su valor en el mundo de los suplementos. La Creatina apoya en la producci\u00f3n de ATP, la principal fuente de energ\u00eda de los m\u00fasculos en el cuerpo. La Creatina [&hellip;]<\/p>\n","protected":false},"featured_media":21341,"comment_status":"open","ping_status":"closed","template":"","meta":[],"product_cat":[433],"product_tag":[],"class_list":{"0":"post-21340","1":"product","2":"type-product","3":"status-publish","4":"has-post-thumbnail","6":"product_cat-creatina","8":"first","9":"instock","10":"shipping-taxable","11":"product-type-simple"},"yoast_head":"<!-- This site is optimized with the Yoast SEO Premium plugin v23.3 (Yoast SEO v23.3) - https:\/\/yoast.com\/wordpress\/plugins\/seo\/ -->\n<title>R C Ronnie Coleman Creatina - Suplementos RC<\/title>\n<meta name=\"robots\" content=\"noindex, follow, max-snippet:-1, max-image-preview:large, max-video-preview:-1\" \/>\n<meta property=\"og:locale\" content=\"es_MX\" \/>\n<meta property=\"og:type\" content=\"article\" \/>\n<meta property=\"og:title\" content=\"R C Ronnie Coleman Creatina\" \/>\n<meta property=\"og:description\" content=\"MONOHIDRATO DE CREATINA 100% PURO La Creatina es uno de los suplementos m\u00e1s investigados cient\u00edficamente de todos los tiempos, y ha demostrado una y otra vez su valor en el mundo de los suplementos. La Creatina apoya en la producci\u00f3n de ATP, la principal fuente de energ\u00eda de los m\u00fasculos en el cuerpo. La Creatina [&hellip;]\" \/>\n<meta property=\"og:url\" content=\"https:\/\/suplementos.bcardmexico.com\/?product=r-c-ronnie-coleman-creatina\" \/>\n<meta property=\"og:site_name\" content=\"Suplementos RC\" \/>\n<meta property=\"article:modified_time\" content=\"2025-06-03T21:37:54+00:00\" \/>\n<meta property=\"og:image\" content=\"https:\/\/suplementos.bcardmexico.com\/wp-content\/uploads\/2025\/06\/RC.jpg\" \/>\n\t<meta property=\"og:image:width\" content=\"1200\" \/>\n\t<meta property=\"og:image:height\" content=\"1200\" \/>\n\t<meta property=\"og:image:type\" content=\"image\/jpeg\" \/>\n<meta name=\"twitter:card\" content=\"summary_large_image\" \/>\n<meta name=\"twitter:label1\" content=\"Tiempo de lectura\" \/>\n\t<meta name=\"twitter:data1\" content=\"1 minuto\" \/>\n<script type=\"application\/ld+json\" class=\"yoast-schema-graph\">{\"@context\":\"https:\/\/schema.org\",\"@graph\":[{\"@type\":\"WebPage\",\"@id\":\"https:\/\/suplementos.bcardmexico.com\/?product=r-c-ronnie-coleman-creatina\",\"url\":\"https:\/\/suplementos.bcardmexico.com\/?product=r-c-ronnie-coleman-creatina\",\"name\":\"R C Ronnie Coleman Creatina - Suplementos RC\",\"isPartOf\":{\"@id\":\"https:\/\/suplementos.bcardmexico.com\/#website\"},\"primaryImageOfPage\":{\"@id\":\"https:\/\/suplementos.bcardmexico.com\/?product=r-c-ronnie-coleman-creatina#primaryimage\"},\"image\":{\"@id\":\"https:\/\/suplementos.bcardmexico.com\/?product=r-c-ronnie-coleman-creatina#primaryimage\"},\"thumbnailUrl\":\"https:\/\/suplementos.bcardmexico.com\/wp-content\/uploads\/2025\/06\/RC.jpg\",\"datePublished\":\"2025-06-03T21:37:53+00:00\",\"dateModified\":\"2025-06-03T21:37:54+00:00\",\"breadcrumb\":{\"@id\":\"https:\/\/suplementos.bcardmexico.com\/?product=r-c-ronnie-coleman-creatina#breadcrumb\"},\"inLanguage\":\"es\",\"potentialAction\":[{\"@type\":\"ReadAction\",\"target\":[\"https:\/\/suplementos.bcardmexico.com\/?product=r-c-ronnie-coleman-creatina\"]}]},{\"@type\":\"ImageObject\",\"inLanguage\":\"es\",\"@id\":\"https:\/\/suplementos.bcardmexico.com\/?product=r-c-ronnie-coleman-creatina#primaryimage\",\"url\":\"https:\/\/suplementos.bcardmexico.com\/wp-content\/uploads\/2025\/06\/RC.jpg\",\"contentUrl\":\"https:\/\/suplementos.bcardmexico.com\/wp-content\/uploads\/2025\/06\/RC.jpg\",\"width\":1200,\"height\":1200},{\"@type\":\"BreadcrumbList\",\"@id\":\"https:\/\/suplementos.bcardmexico.com\/?product=r-c-ronnie-coleman-creatina#breadcrumb\",\"itemListElement\":[{\"@type\":\"ListItem\",\"position\":1,\"name\":\"Inicio\",\"item\":\"https:\/\/suplementos.bcardmexico.com\/\"},{\"@type\":\"ListItem\",\"position\":2,\"name\":\"Shop\",\"item\":\"https:\/\/suplementos.bcardmexico.com\/?page_id=9\"},{\"@type\":\"ListItem\",\"position\":3,\"name\":\"R C Ronnie Coleman Creatina\"}]},{\"@type\":\"WebSite\",\"@id\":\"https:\/\/suplementos.bcardmexico.com\/#website\",\"url\":\"https:\/\/suplementos.bcardmexico.com\/\",\"name\":\"Suplementos RC\",\"description\":\"Servicio confiable\",\"publisher\":{\"@id\":\"https:\/\/suplementos.bcardmexico.com\/#organization\"},\"alternateName\":\"Sumplementos\",\"potentialAction\":[{\"@type\":\"SearchAction\",\"target\":{\"@type\":\"EntryPoint\",\"urlTemplate\":\"https:\/\/suplementos.bcardmexico.com\/?s={search_term_string}\"},\"query-input\":\"required name=search_term_string\"}],\"inLanguage\":\"es\"},{\"@type\":\"Organization\",\"@id\":\"https:\/\/suplementos.bcardmexico.com\/#organization\",\"name\":\"StraamingVirux\",\"url\":\"https:\/\/suplementos.bcardmexico.com\/\",\"logo\":{\"@type\":\"ImageObject\",\"inLanguage\":\"es\",\"@id\":\"https:\/\/suplementos.bcardmexico.com\/#\/schema\/logo\/image\/\",\"url\":\"https:\/\/suplementos.bcardmexico.com\/wp-content\/uploads\/2025\/05\/cropped-StreamingVirux.jpeg\",\"contentUrl\":\"https:\/\/suplementos.bcardmexico.com\/wp-content\/uploads\/2025\/05\/cropped-StreamingVirux.jpeg\",\"width\":512,\"height\":512,\"caption\":\"StraamingVirux\"},\"image\":{\"@id\":\"https:\/\/suplementos.bcardmexico.com\/#\/schema\/logo\/image\/\"}}]}<\/script>\n<!-- \/ Yoast SEO Premium plugin. -->","yoast_head_json":{"title":"R C Ronnie Coleman Creatina - Suplementos RC","robots":{"index":"noindex","follow":"follow","max-snippet":"max-snippet:-1","max-image-preview":"max-image-preview:large","max-video-preview":"max-video-preview:-1"},"og_locale":"es_MX","og_type":"article","og_title":"R C Ronnie Coleman Creatina","og_description":"MONOHIDRATO DE CREATINA 100% PURO La Creatina es uno de los suplementos m\u00e1s investigados cient\u00edficamente de todos los tiempos, y ha demostrado una y otra vez su valor en el mundo de los suplementos. La Creatina apoya en la producci\u00f3n de ATP, la principal fuente de energ\u00eda de los m\u00fasculos en el cuerpo. La Creatina [&hellip;]","og_url":"https:\/\/suplementos.bcardmexico.com\/?product=r-c-ronnie-coleman-creatina","og_site_name":"Suplementos RC","article_modified_time":"2025-06-03T21:37:54+00:00","og_image":[{"width":1200,"height":1200,"url":"https:\/\/suplementos.bcardmexico.com\/wp-content\/uploads\/2025\/06\/RC.jpg","type":"image\/jpeg"}],"twitter_card":"summary_large_image","twitter_misc":{"Tiempo de lectura":"1 minuto"},"schema":{"@context":"https:\/\/schema.org","@graph":[{"@type":"WebPage","@id":"https:\/\/suplementos.bcardmexico.com\/?product=r-c-ronnie-coleman-creatina","url":"https:\/\/suplementos.bcardmexico.com\/?product=r-c-ronnie-coleman-creatina","name":"R C Ronnie Coleman Creatina - Suplementos RC","isPartOf":{"@id":"https:\/\/suplementos.bcardmexico.com\/#website"},"primaryImageOfPage":{"@id":"https:\/\/suplementos.bcardmexico.com\/?product=r-c-ronnie-coleman-creatina#primaryimage"},"image":{"@id":"https:\/\/suplementos.bcardmexico.com\/?product=r-c-ronnie-coleman-creatina#primaryimage"},"thumbnailUrl":"https:\/\/suplementos.bcardmexico.com\/wp-content\/uploads\/2025\/06\/RC.jpg","datePublished":"2025-06-03T21:37:53+00:00","dateModified":"2025-06-03T21:37:54+00:00","breadcrumb":{"@id":"https:\/\/suplementos.bcardmexico.com\/?product=r-c-ronnie-coleman-creatina#breadcrumb"},"inLanguage":"es","potentialAction":[{"@type":"ReadAction","target":["https:\/\/suplementos.bcardmexico.com\/?product=r-c-ronnie-coleman-creatina"]}]},{"@type":"ImageObject","inLanguage":"es","@id":"https:\/\/suplementos.bcardmexico.com\/?product=r-c-ronnie-coleman-creatina#primaryimage","url":"https:\/\/suplementos.bcardmexico.com\/wp-content\/uploads\/2025\/06\/RC.jpg","contentUrl":"https:\/\/suplementos.bcardmexico.com\/wp-content\/uploads\/2025\/06\/RC.jpg","width":1200,"height":1200},{"@type":"BreadcrumbList","@id":"https:\/\/suplementos.bcardmexico.com\/?product=r-c-ronnie-coleman-creatina#breadcrumb","itemListElement":[{"@type":"ListItem","position":1,"name":"Inicio","item":"https:\/\/suplementos.bcardmexico.com\/"},{"@type":"ListItem","position":2,"name":"Shop","item":"https:\/\/suplementos.bcardmexico.com\/?page_id=9"},{"@type":"ListItem","position":3,"name":"R C Ronnie Coleman Creatina"}]},{"@type":"WebSite","@id":"https:\/\/suplementos.bcardmexico.com\/#website","url":"https:\/\/suplementos.bcardmexico.com\/","name":"Suplementos RC","description":"Servicio confiable","publisher":{"@id":"https:\/\/suplementos.bcardmexico.com\/#organization"},"alternateName":"Sumplementos","potentialAction":[{"@type":"SearchAction","target":{"@type":"EntryPoint","urlTemplate":"https:\/\/suplementos.bcardmexico.com\/?s={search_term_string}"},"query-input":"required name=search_term_string"}],"inLanguage":"es"},{"@type":"Organization","@id":"https:\/\/suplementos.bcardmexico.com\/#organization","name":"StraamingVirux","url":"https:\/\/suplementos.bcardmexico.com\/","logo":{"@type":"ImageObject","inLanguage":"es","@id":"https:\/\/suplementos.bcardmexico.com\/#\/schema\/logo\/image\/","url":"https:\/\/suplementos.bcardmexico.com\/wp-content\/uploads\/2025\/05\/cropped-StreamingVirux.jpeg","contentUrl":"https:\/\/suplementos.bcardmexico.com\/wp-content\/uploads\/2025\/05\/cropped-StreamingVirux.jpeg","width":512,"height":512,"caption":"StraamingVirux"},"image":{"@id":"https:\/\/suplementos.bcardmexico.com\/#\/schema\/logo\/image\/"}}]}},"_links":{"self":[{"href":"https:\/\/suplementos.bcardmexico.com\/index.php?rest_route=\/wp\/v2\/product\/21340","targetHints":{"allow":["GET"]}}],"collection":[{"href":"https:\/\/suplementos.bcardmexico.com\/index.php?rest_route=\/wp\/v2\/product"}],"about":[{"href":"https:\/\/suplementos.bcardmexico.com\/index.php?rest_route=\/wp\/v2\/types\/product"}],"replies":[{"embeddable":true,"href":"https:\/\/suplementos.bcardmexico.com\/index.php?rest_route=%2Fwp%2Fv2%2Fcomments&post=21340"}],"wp:featuredmedia":[{"embeddable":true,"href":"https:\/\/suplementos.bcardmexico.com\/index.php?rest_route=\/wp\/v2\/media\/21341"}],"wp:attachment":[{"href":"https:\/\/suplementos.bcardmexico.com\/index.php?rest_route=%2Fwp%2Fv2%2Fmedia&parent=21340"}],"wp:term":[{"taxonomy":"product_cat","embeddable":true,"href":"https:\/\/suplementos.bcardmexico.com\/index.php?rest_route=%2Fwp%2Fv2%2Fproduct_cat&post=21340"},{"taxonomy":"product_tag","embeddable":true,"href":"https:\/\/suplementos.bcardmexico.com\/index.php?rest_route=%2Fwp%2Fv2%2Fproduct_tag&post=21340"}],"curies":[{"name":"wp","href":"https:\/\/api.w.org\/{rel}","templated":true}]}}