{"id":21344,"date":"2025-06-03T21:40:48","date_gmt":"2025-06-03T21:40:48","guid":{"rendered":"https:\/\/suplementos.bcardmexico.com\/?post_type=product&#038;p=21344"},"modified":"2025-06-03T21:40:49","modified_gmt":"2025-06-03T21:40:49","slug":"antihuman-series-creatine","status":"publish","type":"product","link":"https:\/\/suplementos.bcardmexico.com\/?product=antihuman-series-creatine","title":{"rendered":"Antihuman Series Creatine"},"content":{"rendered":"<p>Es ideal para deportistas de alto rendimiento, ya que le proporciona energ\u00eda a los m\u00fasculos de una manera muy r\u00e1pida.<\/p>\n<p>&nbsp;<\/p>\n<p>No necesita ninguna fase de carga, por lo que comienza actuar desde la primera toma.<\/p>\n<p>&nbsp;<\/p>\n<p>Posee en su composici\u00f3n la f\u00f3rmula de creatina ideal: Creatina monohidrato y\u00a0creatina anhidra, para obtener energ\u00eda muscular de forma inmediata, lo que la hace mucho m\u00e1s efectiva.<\/p>\n","protected":false},"excerpt":{"rendered":"<p>Es ideal para deportistas de alto rendimiento, ya que le proporciona energ\u00eda a los m\u00fasculos de una manera muy r\u00e1pida. &nbsp; No necesita ninguna fase de carga, por lo que comienza actuar desde la primera toma. &nbsp; Posee en su composici\u00f3n la f\u00f3rmula de creatina ideal: Creatina monohidrato y\u00a0creatina anhidra, para obtener energ\u00eda muscular de [&hellip;]<\/p>\n","protected":false},"featured_media":21345,"comment_status":"open","ping_status":"closed","template":"","meta":[],"product_cat":[433],"product_tag":[],"class_list":{"0":"post-21344","1":"product","2":"type-product","3":"status-publish","4":"has-post-thumbnail","6":"product_cat-creatina","8":"first","9":"instock","10":"shipping-taxable","11":"product-type-simple"},"yoast_head":"<!-- This site is optimized with the Yoast SEO Premium plugin v23.3 (Yoast SEO v23.3) - https:\/\/yoast.com\/wordpress\/plugins\/seo\/ -->\n<title>Antihuman Series Creatine - Suplementos RC<\/title>\n<meta name=\"robots\" content=\"noindex, follow, max-snippet:-1, max-image-preview:large, max-video-preview:-1\" \/>\n<meta property=\"og:locale\" content=\"es_MX\" \/>\n<meta property=\"og:type\" content=\"article\" \/>\n<meta property=\"og:title\" content=\"Antihuman Series Creatine\" \/>\n<meta property=\"og:description\" content=\"Es ideal para deportistas de alto rendimiento, ya que le proporciona energ\u00eda a los m\u00fasculos de una manera muy r\u00e1pida. &nbsp; No necesita ninguna fase de carga, por lo que comienza actuar desde la primera toma. &nbsp; Posee en su composici\u00f3n la f\u00f3rmula de creatina ideal: Creatina monohidrato y\u00a0creatina anhidra, para obtener energ\u00eda muscular de [&hellip;]\" \/>\n<meta property=\"og:url\" content=\"https:\/\/suplementos.bcardmexico.com\/?product=antihuman-series-creatine\" \/>\n<meta property=\"og:site_name\" content=\"Suplementos RC\" \/>\n<meta property=\"article:modified_time\" content=\"2025-06-03T21:40:49+00:00\" \/>\n<meta property=\"og:image\" content=\"https:\/\/suplementos.bcardmexico.com\/wp-content\/uploads\/2025\/06\/Antihuman-Series.jpg\" \/>\n\t<meta property=\"og:image:width\" content=\"1200\" \/>\n\t<meta property=\"og:image:height\" content=\"1200\" \/>\n\t<meta property=\"og:image:type\" content=\"image\/jpeg\" \/>\n<meta name=\"twitter:card\" content=\"summary_large_image\" \/>\n<meta name=\"twitter:label1\" content=\"Tiempo de lectura\" \/>\n\t<meta name=\"twitter:data1\" content=\"1 minuto\" \/>\n<script type=\"application\/ld+json\" class=\"yoast-schema-graph\">{\"@context\":\"https:\/\/schema.org\",\"@graph\":[{\"@type\":\"WebPage\",\"@id\":\"https:\/\/suplementos.bcardmexico.com\/?product=antihuman-series-creatine\",\"url\":\"https:\/\/suplementos.bcardmexico.com\/?product=antihuman-series-creatine\",\"name\":\"Antihuman Series Creatine - Suplementos RC\",\"isPartOf\":{\"@id\":\"https:\/\/suplementos.bcardmexico.com\/#website\"},\"primaryImageOfPage\":{\"@id\":\"https:\/\/suplementos.bcardmexico.com\/?product=antihuman-series-creatine#primaryimage\"},\"image\":{\"@id\":\"https:\/\/suplementos.bcardmexico.com\/?product=antihuman-series-creatine#primaryimage\"},\"thumbnailUrl\":\"https:\/\/suplementos.bcardmexico.com\/wp-content\/uploads\/2025\/06\/Antihuman-Series.jpg\",\"datePublished\":\"2025-06-03T21:40:48+00:00\",\"dateModified\":\"2025-06-03T21:40:49+00:00\",\"breadcrumb\":{\"@id\":\"https:\/\/suplementos.bcardmexico.com\/?product=antihuman-series-creatine#breadcrumb\"},\"inLanguage\":\"es\",\"potentialAction\":[{\"@type\":\"ReadAction\",\"target\":[\"https:\/\/suplementos.bcardmexico.com\/?product=antihuman-series-creatine\"]}]},{\"@type\":\"ImageObject\",\"inLanguage\":\"es\",\"@id\":\"https:\/\/suplementos.bcardmexico.com\/?product=antihuman-series-creatine#primaryimage\",\"url\":\"https:\/\/suplementos.bcardmexico.com\/wp-content\/uploads\/2025\/06\/Antihuman-Series.jpg\",\"contentUrl\":\"https:\/\/suplementos.bcardmexico.com\/wp-content\/uploads\/2025\/06\/Antihuman-Series.jpg\",\"width\":1200,\"height\":1200},{\"@type\":\"BreadcrumbList\",\"@id\":\"https:\/\/suplementos.bcardmexico.com\/?product=antihuman-series-creatine#breadcrumb\",\"itemListElement\":[{\"@type\":\"ListItem\",\"position\":1,\"name\":\"Inicio\",\"item\":\"https:\/\/suplementos.bcardmexico.com\/\"},{\"@type\":\"ListItem\",\"position\":2,\"name\":\"Shop\",\"item\":\"https:\/\/suplementos.bcardmexico.com\/?page_id=9\"},{\"@type\":\"ListItem\",\"position\":3,\"name\":\"Antihuman Series Creatine\"}]},{\"@type\":\"WebSite\",\"@id\":\"https:\/\/suplementos.bcardmexico.com\/#website\",\"url\":\"https:\/\/suplementos.bcardmexico.com\/\",\"name\":\"Suplementos RC\",\"description\":\"Servicio confiable\",\"publisher\":{\"@id\":\"https:\/\/suplementos.bcardmexico.com\/#organization\"},\"alternateName\":\"Sumplementos\",\"potentialAction\":[{\"@type\":\"SearchAction\",\"target\":{\"@type\":\"EntryPoint\",\"urlTemplate\":\"https:\/\/suplementos.bcardmexico.com\/?s={search_term_string}\"},\"query-input\":\"required name=search_term_string\"}],\"inLanguage\":\"es\"},{\"@type\":\"Organization\",\"@id\":\"https:\/\/suplementos.bcardmexico.com\/#organization\",\"name\":\"StraamingVirux\",\"url\":\"https:\/\/suplementos.bcardmexico.com\/\",\"logo\":{\"@type\":\"ImageObject\",\"inLanguage\":\"es\",\"@id\":\"https:\/\/suplementos.bcardmexico.com\/#\/schema\/logo\/image\/\",\"url\":\"https:\/\/suplementos.bcardmexico.com\/wp-content\/uploads\/2025\/05\/cropped-StreamingVirux.jpeg\",\"contentUrl\":\"https:\/\/suplementos.bcardmexico.com\/wp-content\/uploads\/2025\/05\/cropped-StreamingVirux.jpeg\",\"width\":512,\"height\":512,\"caption\":\"StraamingVirux\"},\"image\":{\"@id\":\"https:\/\/suplementos.bcardmexico.com\/#\/schema\/logo\/image\/\"}}]}<\/script>\n<!-- \/ Yoast SEO Premium plugin. -->","yoast_head_json":{"title":"Antihuman Series Creatine - Suplementos RC","robots":{"index":"noindex","follow":"follow","max-snippet":"max-snippet:-1","max-image-preview":"max-image-preview:large","max-video-preview":"max-video-preview:-1"},"og_locale":"es_MX","og_type":"article","og_title":"Antihuman Series Creatine","og_description":"Es ideal para deportistas de alto rendimiento, ya que le proporciona energ\u00eda a los m\u00fasculos de una manera muy r\u00e1pida. &nbsp; No necesita ninguna fase de carga, por lo que comienza actuar desde la primera toma. &nbsp; Posee en su composici\u00f3n la f\u00f3rmula de creatina ideal: Creatina monohidrato y\u00a0creatina anhidra, para obtener energ\u00eda muscular de [&hellip;]","og_url":"https:\/\/suplementos.bcardmexico.com\/?product=antihuman-series-creatine","og_site_name":"Suplementos RC","article_modified_time":"2025-06-03T21:40:49+00:00","og_image":[{"width":1200,"height":1200,"url":"https:\/\/suplementos.bcardmexico.com\/wp-content\/uploads\/2025\/06\/Antihuman-Series.jpg","type":"image\/jpeg"}],"twitter_card":"summary_large_image","twitter_misc":{"Tiempo de lectura":"1 minuto"},"schema":{"@context":"https:\/\/schema.org","@graph":[{"@type":"WebPage","@id":"https:\/\/suplementos.bcardmexico.com\/?product=antihuman-series-creatine","url":"https:\/\/suplementos.bcardmexico.com\/?product=antihuman-series-creatine","name":"Antihuman Series Creatine - Suplementos RC","isPartOf":{"@id":"https:\/\/suplementos.bcardmexico.com\/#website"},"primaryImageOfPage":{"@id":"https:\/\/suplementos.bcardmexico.com\/?product=antihuman-series-creatine#primaryimage"},"image":{"@id":"https:\/\/suplementos.bcardmexico.com\/?product=antihuman-series-creatine#primaryimage"},"thumbnailUrl":"https:\/\/suplementos.bcardmexico.com\/wp-content\/uploads\/2025\/06\/Antihuman-Series.jpg","datePublished":"2025-06-03T21:40:48+00:00","dateModified":"2025-06-03T21:40:49+00:00","breadcrumb":{"@id":"https:\/\/suplementos.bcardmexico.com\/?product=antihuman-series-creatine#breadcrumb"},"inLanguage":"es","potentialAction":[{"@type":"ReadAction","target":["https:\/\/suplementos.bcardmexico.com\/?product=antihuman-series-creatine"]}]},{"@type":"ImageObject","inLanguage":"es","@id":"https:\/\/suplementos.bcardmexico.com\/?product=antihuman-series-creatine#primaryimage","url":"https:\/\/suplementos.bcardmexico.com\/wp-content\/uploads\/2025\/06\/Antihuman-Series.jpg","contentUrl":"https:\/\/suplementos.bcardmexico.com\/wp-content\/uploads\/2025\/06\/Antihuman-Series.jpg","width":1200,"height":1200},{"@type":"BreadcrumbList","@id":"https:\/\/suplementos.bcardmexico.com\/?product=antihuman-series-creatine#breadcrumb","itemListElement":[{"@type":"ListItem","position":1,"name":"Inicio","item":"https:\/\/suplementos.bcardmexico.com\/"},{"@type":"ListItem","position":2,"name":"Shop","item":"https:\/\/suplementos.bcardmexico.com\/?page_id=9"},{"@type":"ListItem","position":3,"name":"Antihuman Series Creatine"}]},{"@type":"WebSite","@id":"https:\/\/suplementos.bcardmexico.com\/#website","url":"https:\/\/suplementos.bcardmexico.com\/","name":"Suplementos RC","description":"Servicio confiable","publisher":{"@id":"https:\/\/suplementos.bcardmexico.com\/#organization"},"alternateName":"Sumplementos","potentialAction":[{"@type":"SearchAction","target":{"@type":"EntryPoint","urlTemplate":"https:\/\/suplementos.bcardmexico.com\/?s={search_term_string}"},"query-input":"required name=search_term_string"}],"inLanguage":"es"},{"@type":"Organization","@id":"https:\/\/suplementos.bcardmexico.com\/#organization","name":"StraamingVirux","url":"https:\/\/suplementos.bcardmexico.com\/","logo":{"@type":"ImageObject","inLanguage":"es","@id":"https:\/\/suplementos.bcardmexico.com\/#\/schema\/logo\/image\/","url":"https:\/\/suplementos.bcardmexico.com\/wp-content\/uploads\/2025\/05\/cropped-StreamingVirux.jpeg","contentUrl":"https:\/\/suplementos.bcardmexico.com\/wp-content\/uploads\/2025\/05\/cropped-StreamingVirux.jpeg","width":512,"height":512,"caption":"StraamingVirux"},"image":{"@id":"https:\/\/suplementos.bcardmexico.com\/#\/schema\/logo\/image\/"}}]}},"_links":{"self":[{"href":"https:\/\/suplementos.bcardmexico.com\/index.php?rest_route=\/wp\/v2\/product\/21344","targetHints":{"allow":["GET"]}}],"collection":[{"href":"https:\/\/suplementos.bcardmexico.com\/index.php?rest_route=\/wp\/v2\/product"}],"about":[{"href":"https:\/\/suplementos.bcardmexico.com\/index.php?rest_route=\/wp\/v2\/types\/product"}],"replies":[{"embeddable":true,"href":"https:\/\/suplementos.bcardmexico.com\/index.php?rest_route=%2Fwp%2Fv2%2Fcomments&post=21344"}],"wp:featuredmedia":[{"embeddable":true,"href":"https:\/\/suplementos.bcardmexico.com\/index.php?rest_route=\/wp\/v2\/media\/21345"}],"wp:attachment":[{"href":"https:\/\/suplementos.bcardmexico.com\/index.php?rest_route=%2Fwp%2Fv2%2Fmedia&parent=21344"}],"wp:term":[{"taxonomy":"product_cat","embeddable":true,"href":"https:\/\/suplementos.bcardmexico.com\/index.php?rest_route=%2Fwp%2Fv2%2Fproduct_cat&post=21344"},{"taxonomy":"product_tag","embeddable":true,"href":"https:\/\/suplementos.bcardmexico.com\/index.php?rest_route=%2Fwp%2Fv2%2Fproduct_tag&post=21344"}],"curies":[{"name":"wp","href":"https:\/\/api.w.org\/{rel}","templated":true}]}}