{"id":21346,"date":"2025-06-03T21:42:18","date_gmt":"2025-06-03T21:42:18","guid":{"rendered":"https:\/\/suplementos.bcardmexico.com\/?post_type=product&#038;p=21346"},"modified":"2025-06-03T21:42:18","modified_gmt":"2025-06-03T21:42:18","slug":"nite-burn-nighttime-fat-burner","status":"publish","type":"product","link":"https:\/\/suplementos.bcardmexico.com\/?product=nite-burn-nighttime-fat-burner","title":{"rendered":"Nite Burn Nighttime Fat Burner"},"content":{"rendered":"<ul class=\"a-unordered-list a-vertical a-spacing-mini\">\n<li class=\"a-spacing-mini\"><span class=\"a-list-item\">Quema grasa mientras duermes con la mezcla termog\u00e9nica de melatonina, grano de caf\u00e9 verde y cetonas de frambuesa de Nite Burn.<\/span><\/li>\n<li class=\"a-spacing-mini\"><span class=\"a-list-item\">Aumenta el metabolismo y aumenta la energ\u00eda con la potente f\u00f3rmula termog\u00e9nica de B4 que contiene cafe\u00edna anhidra.<\/span><\/li>\n<li class=\"a-spacing-mini\"><span class=\"a-list-item\">Promueva un sue\u00f1o REM profundo y reparador con la melatonina pura y el L-tript\u00f3fano de Nite Burn.<\/span><\/li>\n<li class=\"a-spacing-mini\"><span class=\"a-list-item\">Mejore el rendimiento atl\u00e9tico y la resistencia con los moduladores de dopamina B4.<\/span><\/li>\n<li class=\"a-spacing-mini\"><span class=\"a-list-item\">Complementa tu r\u00e9gimen de p\u00e9rdida de peso con las capacidades superiores de quema de grasa de B4.<\/span><\/li>\n<\/ul>\n","protected":false},"excerpt":{"rendered":"<p>Quema grasa mientras duermes con la mezcla termog\u00e9nica de melatonina, grano de caf\u00e9 verde y cetonas de frambuesa de Nite Burn. Aumenta el metabolismo y aumenta la energ\u00eda con la potente f\u00f3rmula termog\u00e9nica de B4 que contiene cafe\u00edna anhidra. Promueva un sue\u00f1o REM profundo y reparador con la melatonina pura y el L-tript\u00f3fano de Nite [&hellip;]<\/p>\n","protected":false},"featured_media":21347,"comment_status":"open","ping_status":"closed","template":"","meta":[],"product_cat":[434],"product_tag":[],"class_list":{"0":"post-21346","1":"product","2":"type-product","3":"status-publish","4":"has-post-thumbnail","6":"product_cat-termogenicos","8":"first","9":"instock","10":"shipping-taxable","11":"product-type-simple"},"yoast_head":"<!-- This site is optimized with the Yoast SEO Premium plugin v23.3 (Yoast SEO v23.3) - https:\/\/yoast.com\/wordpress\/plugins\/seo\/ -->\n<title>Nite Burn Nighttime Fat Burner - Suplementos RC<\/title>\n<meta name=\"robots\" content=\"noindex, follow, max-snippet:-1, max-image-preview:large, max-video-preview:-1\" \/>\n<meta property=\"og:locale\" content=\"es_MX\" \/>\n<meta property=\"og:type\" content=\"article\" \/>\n<meta property=\"og:title\" content=\"Nite Burn Nighttime Fat Burner\" \/>\n<meta property=\"og:description\" content=\"Quema grasa mientras duermes con la mezcla termog\u00e9nica de melatonina, grano de caf\u00e9 verde y cetonas de frambuesa de Nite Burn. Aumenta el metabolismo y aumenta la energ\u00eda con la potente f\u00f3rmula termog\u00e9nica de B4 que contiene cafe\u00edna anhidra. Promueva un sue\u00f1o REM profundo y reparador con la melatonina pura y el L-tript\u00f3fano de Nite [&hellip;]\" \/>\n<meta property=\"og:url\" content=\"https:\/\/suplementos.bcardmexico.com\/?product=nite-burn-nighttime-fat-burner\" \/>\n<meta property=\"og:site_name\" content=\"Suplementos RC\" \/>\n<meta property=\"og:image\" content=\"https:\/\/suplementos.bcardmexico.com\/wp-content\/uploads\/2025\/06\/Nite-Burn.jpg\" \/>\n\t<meta property=\"og:image:width\" content=\"1200\" \/>\n\t<meta property=\"og:image:height\" content=\"1200\" \/>\n\t<meta property=\"og:image:type\" content=\"image\/jpeg\" \/>\n<meta name=\"twitter:card\" content=\"summary_large_image\" \/>\n<meta name=\"twitter:label1\" content=\"Tiempo de lectura\" \/>\n\t<meta name=\"twitter:data1\" content=\"1 minuto\" \/>\n<script type=\"application\/ld+json\" class=\"yoast-schema-graph\">{\"@context\":\"https:\/\/schema.org\",\"@graph\":[{\"@type\":\"WebPage\",\"@id\":\"https:\/\/suplementos.bcardmexico.com\/?product=nite-burn-nighttime-fat-burner\",\"url\":\"https:\/\/suplementos.bcardmexico.com\/?product=nite-burn-nighttime-fat-burner\",\"name\":\"Nite Burn Nighttime Fat Burner - Suplementos RC\",\"isPartOf\":{\"@id\":\"https:\/\/suplementos.bcardmexico.com\/#website\"},\"primaryImageOfPage\":{\"@id\":\"https:\/\/suplementos.bcardmexico.com\/?product=nite-burn-nighttime-fat-burner#primaryimage\"},\"image\":{\"@id\":\"https:\/\/suplementos.bcardmexico.com\/?product=nite-burn-nighttime-fat-burner#primaryimage\"},\"thumbnailUrl\":\"https:\/\/suplementos.bcardmexico.com\/wp-content\/uploads\/2025\/06\/Nite-Burn.jpg\",\"datePublished\":\"2025-06-03T21:42:18+00:00\",\"dateModified\":\"2025-06-03T21:42:18+00:00\",\"breadcrumb\":{\"@id\":\"https:\/\/suplementos.bcardmexico.com\/?product=nite-burn-nighttime-fat-burner#breadcrumb\"},\"inLanguage\":\"es\",\"potentialAction\":[{\"@type\":\"ReadAction\",\"target\":[\"https:\/\/suplementos.bcardmexico.com\/?product=nite-burn-nighttime-fat-burner\"]}]},{\"@type\":\"ImageObject\",\"inLanguage\":\"es\",\"@id\":\"https:\/\/suplementos.bcardmexico.com\/?product=nite-burn-nighttime-fat-burner#primaryimage\",\"url\":\"https:\/\/suplementos.bcardmexico.com\/wp-content\/uploads\/2025\/06\/Nite-Burn.jpg\",\"contentUrl\":\"https:\/\/suplementos.bcardmexico.com\/wp-content\/uploads\/2025\/06\/Nite-Burn.jpg\",\"width\":1200,\"height\":1200},{\"@type\":\"BreadcrumbList\",\"@id\":\"https:\/\/suplementos.bcardmexico.com\/?product=nite-burn-nighttime-fat-burner#breadcrumb\",\"itemListElement\":[{\"@type\":\"ListItem\",\"position\":1,\"name\":\"Inicio\",\"item\":\"https:\/\/suplementos.bcardmexico.com\/\"},{\"@type\":\"ListItem\",\"position\":2,\"name\":\"Shop\",\"item\":\"https:\/\/suplementos.bcardmexico.com\/?page_id=9\"},{\"@type\":\"ListItem\",\"position\":3,\"name\":\"Nite Burn Nighttime Fat Burner\"}]},{\"@type\":\"WebSite\",\"@id\":\"https:\/\/suplementos.bcardmexico.com\/#website\",\"url\":\"https:\/\/suplementos.bcardmexico.com\/\",\"name\":\"Suplementos RC\",\"description\":\"Servicio confiable\",\"publisher\":{\"@id\":\"https:\/\/suplementos.bcardmexico.com\/#organization\"},\"alternateName\":\"Sumplementos\",\"potentialAction\":[{\"@type\":\"SearchAction\",\"target\":{\"@type\":\"EntryPoint\",\"urlTemplate\":\"https:\/\/suplementos.bcardmexico.com\/?s={search_term_string}\"},\"query-input\":\"required name=search_term_string\"}],\"inLanguage\":\"es\"},{\"@type\":\"Organization\",\"@id\":\"https:\/\/suplementos.bcardmexico.com\/#organization\",\"name\":\"StraamingVirux\",\"url\":\"https:\/\/suplementos.bcardmexico.com\/\",\"logo\":{\"@type\":\"ImageObject\",\"inLanguage\":\"es\",\"@id\":\"https:\/\/suplementos.bcardmexico.com\/#\/schema\/logo\/image\/\",\"url\":\"https:\/\/suplementos.bcardmexico.com\/wp-content\/uploads\/2025\/05\/cropped-StreamingVirux.jpeg\",\"contentUrl\":\"https:\/\/suplementos.bcardmexico.com\/wp-content\/uploads\/2025\/05\/cropped-StreamingVirux.jpeg\",\"width\":512,\"height\":512,\"caption\":\"StraamingVirux\"},\"image\":{\"@id\":\"https:\/\/suplementos.bcardmexico.com\/#\/schema\/logo\/image\/\"}}]}<\/script>\n<!-- \/ Yoast SEO Premium plugin. -->","yoast_head_json":{"title":"Nite Burn Nighttime Fat Burner - Suplementos RC","robots":{"index":"noindex","follow":"follow","max-snippet":"max-snippet:-1","max-image-preview":"max-image-preview:large","max-video-preview":"max-video-preview:-1"},"og_locale":"es_MX","og_type":"article","og_title":"Nite Burn Nighttime Fat Burner","og_description":"Quema grasa mientras duermes con la mezcla termog\u00e9nica de melatonina, grano de caf\u00e9 verde y cetonas de frambuesa de Nite Burn. Aumenta el metabolismo y aumenta la energ\u00eda con la potente f\u00f3rmula termog\u00e9nica de B4 que contiene cafe\u00edna anhidra. Promueva un sue\u00f1o REM profundo y reparador con la melatonina pura y el L-tript\u00f3fano de Nite [&hellip;]","og_url":"https:\/\/suplementos.bcardmexico.com\/?product=nite-burn-nighttime-fat-burner","og_site_name":"Suplementos RC","og_image":[{"width":1200,"height":1200,"url":"https:\/\/suplementos.bcardmexico.com\/wp-content\/uploads\/2025\/06\/Nite-Burn.jpg","type":"image\/jpeg"}],"twitter_card":"summary_large_image","twitter_misc":{"Tiempo de lectura":"1 minuto"},"schema":{"@context":"https:\/\/schema.org","@graph":[{"@type":"WebPage","@id":"https:\/\/suplementos.bcardmexico.com\/?product=nite-burn-nighttime-fat-burner","url":"https:\/\/suplementos.bcardmexico.com\/?product=nite-burn-nighttime-fat-burner","name":"Nite Burn Nighttime Fat Burner - Suplementos RC","isPartOf":{"@id":"https:\/\/suplementos.bcardmexico.com\/#website"},"primaryImageOfPage":{"@id":"https:\/\/suplementos.bcardmexico.com\/?product=nite-burn-nighttime-fat-burner#primaryimage"},"image":{"@id":"https:\/\/suplementos.bcardmexico.com\/?product=nite-burn-nighttime-fat-burner#primaryimage"},"thumbnailUrl":"https:\/\/suplementos.bcardmexico.com\/wp-content\/uploads\/2025\/06\/Nite-Burn.jpg","datePublished":"2025-06-03T21:42:18+00:00","dateModified":"2025-06-03T21:42:18+00:00","breadcrumb":{"@id":"https:\/\/suplementos.bcardmexico.com\/?product=nite-burn-nighttime-fat-burner#breadcrumb"},"inLanguage":"es","potentialAction":[{"@type":"ReadAction","target":["https:\/\/suplementos.bcardmexico.com\/?product=nite-burn-nighttime-fat-burner"]}]},{"@type":"ImageObject","inLanguage":"es","@id":"https:\/\/suplementos.bcardmexico.com\/?product=nite-burn-nighttime-fat-burner#primaryimage","url":"https:\/\/suplementos.bcardmexico.com\/wp-content\/uploads\/2025\/06\/Nite-Burn.jpg","contentUrl":"https:\/\/suplementos.bcardmexico.com\/wp-content\/uploads\/2025\/06\/Nite-Burn.jpg","width":1200,"height":1200},{"@type":"BreadcrumbList","@id":"https:\/\/suplementos.bcardmexico.com\/?product=nite-burn-nighttime-fat-burner#breadcrumb","itemListElement":[{"@type":"ListItem","position":1,"name":"Inicio","item":"https:\/\/suplementos.bcardmexico.com\/"},{"@type":"ListItem","position":2,"name":"Shop","item":"https:\/\/suplementos.bcardmexico.com\/?page_id=9"},{"@type":"ListItem","position":3,"name":"Nite Burn Nighttime Fat Burner"}]},{"@type":"WebSite","@id":"https:\/\/suplementos.bcardmexico.com\/#website","url":"https:\/\/suplementos.bcardmexico.com\/","name":"Suplementos RC","description":"Servicio confiable","publisher":{"@id":"https:\/\/suplementos.bcardmexico.com\/#organization"},"alternateName":"Sumplementos","potentialAction":[{"@type":"SearchAction","target":{"@type":"EntryPoint","urlTemplate":"https:\/\/suplementos.bcardmexico.com\/?s={search_term_string}"},"query-input":"required name=search_term_string"}],"inLanguage":"es"},{"@type":"Organization","@id":"https:\/\/suplementos.bcardmexico.com\/#organization","name":"StraamingVirux","url":"https:\/\/suplementos.bcardmexico.com\/","logo":{"@type":"ImageObject","inLanguage":"es","@id":"https:\/\/suplementos.bcardmexico.com\/#\/schema\/logo\/image\/","url":"https:\/\/suplementos.bcardmexico.com\/wp-content\/uploads\/2025\/05\/cropped-StreamingVirux.jpeg","contentUrl":"https:\/\/suplementos.bcardmexico.com\/wp-content\/uploads\/2025\/05\/cropped-StreamingVirux.jpeg","width":512,"height":512,"caption":"StraamingVirux"},"image":{"@id":"https:\/\/suplementos.bcardmexico.com\/#\/schema\/logo\/image\/"}}]}},"_links":{"self":[{"href":"https:\/\/suplementos.bcardmexico.com\/index.php?rest_route=\/wp\/v2\/product\/21346","targetHints":{"allow":["GET"]}}],"collection":[{"href":"https:\/\/suplementos.bcardmexico.com\/index.php?rest_route=\/wp\/v2\/product"}],"about":[{"href":"https:\/\/suplementos.bcardmexico.com\/index.php?rest_route=\/wp\/v2\/types\/product"}],"replies":[{"embeddable":true,"href":"https:\/\/suplementos.bcardmexico.com\/index.php?rest_route=%2Fwp%2Fv2%2Fcomments&post=21346"}],"wp:featuredmedia":[{"embeddable":true,"href":"https:\/\/suplementos.bcardmexico.com\/index.php?rest_route=\/wp\/v2\/media\/21347"}],"wp:attachment":[{"href":"https:\/\/suplementos.bcardmexico.com\/index.php?rest_route=%2Fwp%2Fv2%2Fmedia&parent=21346"}],"wp:term":[{"taxonomy":"product_cat","embeddable":true,"href":"https:\/\/suplementos.bcardmexico.com\/index.php?rest_route=%2Fwp%2Fv2%2Fproduct_cat&post=21346"},{"taxonomy":"product_tag","embeddable":true,"href":"https:\/\/suplementos.bcardmexico.com\/index.php?rest_route=%2Fwp%2Fv2%2Fproduct_tag&post=21346"}],"curies":[{"name":"wp","href":"https:\/\/api.w.org\/{rel}","templated":true}]}}