{"id":21352,"date":"2025-06-03T21:46:26","date_gmt":"2025-06-03T21:46:26","guid":{"rendered":"https:\/\/suplementos.bcardmexico.com\/?post_type=product&#038;p=21352"},"modified":"2025-06-03T21:46:27","modified_gmt":"2025-06-03T21:46:27","slug":"mass-gainer","status":"publish","type":"product","link":"https:\/\/suplementos.bcardmexico.com\/?product=mass-gainer","title":{"rendered":"Mass Gainer"},"content":{"rendered":"<p>SUPER MASS GAINER de Dymatize es un gainer con una formula muy concentrada de prote\u00ednas con alto contenido de glutamina que provee nuestra patentada y necesaria combinaci\u00f3n de amino\u00e1cidos que favorece los resultados r\u00e1pidos y duraderos.<\/p>\n","protected":false},"excerpt":{"rendered":"<p>SUPER MASS GAINER de Dymatize es un gainer con una formula muy concentrada de prote\u00ednas con alto contenido de glutamina que provee nuestra patentada y necesaria combinaci\u00f3n de amino\u00e1cidos que favorece los resultados r\u00e1pidos y duraderos.<\/p>\n","protected":false},"featured_media":21353,"comment_status":"open","ping_status":"closed","template":"","meta":[],"product_cat":[435],"product_tag":[],"class_list":{"0":"post-21352","1":"product","2":"type-product","3":"status-publish","4":"has-post-thumbnail","6":"product_cat-ganadores","8":"first","9":"instock","10":"shipping-taxable","11":"product-type-simple"},"yoast_head":"<!-- This site is optimized with the Yoast SEO Premium plugin v23.3 (Yoast SEO v23.3) - https:\/\/yoast.com\/wordpress\/plugins\/seo\/ -->\n<title>Mass Gainer - Suplementos RC<\/title>\n<meta name=\"robots\" content=\"noindex, follow, max-snippet:-1, max-image-preview:large, max-video-preview:-1\" \/>\n<meta property=\"og:locale\" content=\"es_MX\" \/>\n<meta property=\"og:type\" content=\"article\" \/>\n<meta property=\"og:title\" content=\"Mass Gainer\" \/>\n<meta property=\"og:description\" content=\"SUPER MASS GAINER de Dymatize es un gainer con una formula muy concentrada de prote\u00ednas con alto contenido de glutamina que provee nuestra patentada y necesaria combinaci\u00f3n de amino\u00e1cidos que favorece los resultados r\u00e1pidos y duraderos.\" \/>\n<meta property=\"og:url\" content=\"https:\/\/suplementos.bcardmexico.com\/?product=mass-gainer\" \/>\n<meta property=\"og:site_name\" content=\"Suplementos RC\" \/>\n<meta property=\"article:modified_time\" content=\"2025-06-03T21:46:27+00:00\" \/>\n<meta property=\"og:image\" content=\"https:\/\/suplementos.bcardmexico.com\/wp-content\/uploads\/2025\/06\/WhatsApp-Image-2025-05-29-at-6.25.48-PM.jpeg\" \/>\n\t<meta property=\"og:image:width\" content=\"945\" \/>\n\t<meta property=\"og:image:height\" content=\"918\" \/>\n\t<meta property=\"og:image:type\" content=\"image\/jpeg\" \/>\n<meta name=\"twitter:card\" content=\"summary_large_image\" \/>\n<meta name=\"twitter:label1\" content=\"Tiempo de lectura\" \/>\n\t<meta name=\"twitter:data1\" content=\"1 minuto\" \/>\n<script type=\"application\/ld+json\" class=\"yoast-schema-graph\">{\"@context\":\"https:\/\/schema.org\",\"@graph\":[{\"@type\":\"WebPage\",\"@id\":\"https:\/\/suplementos.bcardmexico.com\/?product=mass-gainer\",\"url\":\"https:\/\/suplementos.bcardmexico.com\/?product=mass-gainer\",\"name\":\"Mass Gainer - Suplementos RC\",\"isPartOf\":{\"@id\":\"https:\/\/suplementos.bcardmexico.com\/#website\"},\"primaryImageOfPage\":{\"@id\":\"https:\/\/suplementos.bcardmexico.com\/?product=mass-gainer#primaryimage\"},\"image\":{\"@id\":\"https:\/\/suplementos.bcardmexico.com\/?product=mass-gainer#primaryimage\"},\"thumbnailUrl\":\"https:\/\/suplementos.bcardmexico.com\/wp-content\/uploads\/2025\/06\/WhatsApp-Image-2025-05-29-at-6.25.48-PM.jpeg\",\"datePublished\":\"2025-06-03T21:46:26+00:00\",\"dateModified\":\"2025-06-03T21:46:27+00:00\",\"breadcrumb\":{\"@id\":\"https:\/\/suplementos.bcardmexico.com\/?product=mass-gainer#breadcrumb\"},\"inLanguage\":\"es\",\"potentialAction\":[{\"@type\":\"ReadAction\",\"target\":[\"https:\/\/suplementos.bcardmexico.com\/?product=mass-gainer\"]}]},{\"@type\":\"ImageObject\",\"inLanguage\":\"es\",\"@id\":\"https:\/\/suplementos.bcardmexico.com\/?product=mass-gainer#primaryimage\",\"url\":\"https:\/\/suplementos.bcardmexico.com\/wp-content\/uploads\/2025\/06\/WhatsApp-Image-2025-05-29-at-6.25.48-PM.jpeg\",\"contentUrl\":\"https:\/\/suplementos.bcardmexico.com\/wp-content\/uploads\/2025\/06\/WhatsApp-Image-2025-05-29-at-6.25.48-PM.jpeg\",\"width\":945,\"height\":918},{\"@type\":\"BreadcrumbList\",\"@id\":\"https:\/\/suplementos.bcardmexico.com\/?product=mass-gainer#breadcrumb\",\"itemListElement\":[{\"@type\":\"ListItem\",\"position\":1,\"name\":\"Inicio\",\"item\":\"https:\/\/suplementos.bcardmexico.com\/\"},{\"@type\":\"ListItem\",\"position\":2,\"name\":\"Shop\",\"item\":\"https:\/\/suplementos.bcardmexico.com\/?page_id=9\"},{\"@type\":\"ListItem\",\"position\":3,\"name\":\"Mass Gainer\"}]},{\"@type\":\"WebSite\",\"@id\":\"https:\/\/suplementos.bcardmexico.com\/#website\",\"url\":\"https:\/\/suplementos.bcardmexico.com\/\",\"name\":\"Suplementos RC\",\"description\":\"Servicio confiable\",\"publisher\":{\"@id\":\"https:\/\/suplementos.bcardmexico.com\/#organization\"},\"alternateName\":\"Sumplementos\",\"potentialAction\":[{\"@type\":\"SearchAction\",\"target\":{\"@type\":\"EntryPoint\",\"urlTemplate\":\"https:\/\/suplementos.bcardmexico.com\/?s={search_term_string}\"},\"query-input\":\"required name=search_term_string\"}],\"inLanguage\":\"es\"},{\"@type\":\"Organization\",\"@id\":\"https:\/\/suplementos.bcardmexico.com\/#organization\",\"name\":\"StraamingVirux\",\"url\":\"https:\/\/suplementos.bcardmexico.com\/\",\"logo\":{\"@type\":\"ImageObject\",\"inLanguage\":\"es\",\"@id\":\"https:\/\/suplementos.bcardmexico.com\/#\/schema\/logo\/image\/\",\"url\":\"https:\/\/suplementos.bcardmexico.com\/wp-content\/uploads\/2025\/05\/cropped-StreamingVirux.jpeg\",\"contentUrl\":\"https:\/\/suplementos.bcardmexico.com\/wp-content\/uploads\/2025\/05\/cropped-StreamingVirux.jpeg\",\"width\":512,\"height\":512,\"caption\":\"StraamingVirux\"},\"image\":{\"@id\":\"https:\/\/suplementos.bcardmexico.com\/#\/schema\/logo\/image\/\"}}]}<\/script>\n<!-- \/ Yoast SEO Premium plugin. -->","yoast_head_json":{"title":"Mass Gainer - Suplementos RC","robots":{"index":"noindex","follow":"follow","max-snippet":"max-snippet:-1","max-image-preview":"max-image-preview:large","max-video-preview":"max-video-preview:-1"},"og_locale":"es_MX","og_type":"article","og_title":"Mass Gainer","og_description":"SUPER MASS GAINER de Dymatize es un gainer con una formula muy concentrada de prote\u00ednas con alto contenido de glutamina que provee nuestra patentada y necesaria combinaci\u00f3n de amino\u00e1cidos que favorece los resultados r\u00e1pidos y duraderos.","og_url":"https:\/\/suplementos.bcardmexico.com\/?product=mass-gainer","og_site_name":"Suplementos RC","article_modified_time":"2025-06-03T21:46:27+00:00","og_image":[{"width":945,"height":918,"url":"https:\/\/suplementos.bcardmexico.com\/wp-content\/uploads\/2025\/06\/WhatsApp-Image-2025-05-29-at-6.25.48-PM.jpeg","type":"image\/jpeg"}],"twitter_card":"summary_large_image","twitter_misc":{"Tiempo de lectura":"1 minuto"},"schema":{"@context":"https:\/\/schema.org","@graph":[{"@type":"WebPage","@id":"https:\/\/suplementos.bcardmexico.com\/?product=mass-gainer","url":"https:\/\/suplementos.bcardmexico.com\/?product=mass-gainer","name":"Mass Gainer - Suplementos RC","isPartOf":{"@id":"https:\/\/suplementos.bcardmexico.com\/#website"},"primaryImageOfPage":{"@id":"https:\/\/suplementos.bcardmexico.com\/?product=mass-gainer#primaryimage"},"image":{"@id":"https:\/\/suplementos.bcardmexico.com\/?product=mass-gainer#primaryimage"},"thumbnailUrl":"https:\/\/suplementos.bcardmexico.com\/wp-content\/uploads\/2025\/06\/WhatsApp-Image-2025-05-29-at-6.25.48-PM.jpeg","datePublished":"2025-06-03T21:46:26+00:00","dateModified":"2025-06-03T21:46:27+00:00","breadcrumb":{"@id":"https:\/\/suplementos.bcardmexico.com\/?product=mass-gainer#breadcrumb"},"inLanguage":"es","potentialAction":[{"@type":"ReadAction","target":["https:\/\/suplementos.bcardmexico.com\/?product=mass-gainer"]}]},{"@type":"ImageObject","inLanguage":"es","@id":"https:\/\/suplementos.bcardmexico.com\/?product=mass-gainer#primaryimage","url":"https:\/\/suplementos.bcardmexico.com\/wp-content\/uploads\/2025\/06\/WhatsApp-Image-2025-05-29-at-6.25.48-PM.jpeg","contentUrl":"https:\/\/suplementos.bcardmexico.com\/wp-content\/uploads\/2025\/06\/WhatsApp-Image-2025-05-29-at-6.25.48-PM.jpeg","width":945,"height":918},{"@type":"BreadcrumbList","@id":"https:\/\/suplementos.bcardmexico.com\/?product=mass-gainer#breadcrumb","itemListElement":[{"@type":"ListItem","position":1,"name":"Inicio","item":"https:\/\/suplementos.bcardmexico.com\/"},{"@type":"ListItem","position":2,"name":"Shop","item":"https:\/\/suplementos.bcardmexico.com\/?page_id=9"},{"@type":"ListItem","position":3,"name":"Mass Gainer"}]},{"@type":"WebSite","@id":"https:\/\/suplementos.bcardmexico.com\/#website","url":"https:\/\/suplementos.bcardmexico.com\/","name":"Suplementos RC","description":"Servicio confiable","publisher":{"@id":"https:\/\/suplementos.bcardmexico.com\/#organization"},"alternateName":"Sumplementos","potentialAction":[{"@type":"SearchAction","target":{"@type":"EntryPoint","urlTemplate":"https:\/\/suplementos.bcardmexico.com\/?s={search_term_string}"},"query-input":"required name=search_term_string"}],"inLanguage":"es"},{"@type":"Organization","@id":"https:\/\/suplementos.bcardmexico.com\/#organization","name":"StraamingVirux","url":"https:\/\/suplementos.bcardmexico.com\/","logo":{"@type":"ImageObject","inLanguage":"es","@id":"https:\/\/suplementos.bcardmexico.com\/#\/schema\/logo\/image\/","url":"https:\/\/suplementos.bcardmexico.com\/wp-content\/uploads\/2025\/05\/cropped-StreamingVirux.jpeg","contentUrl":"https:\/\/suplementos.bcardmexico.com\/wp-content\/uploads\/2025\/05\/cropped-StreamingVirux.jpeg","width":512,"height":512,"caption":"StraamingVirux"},"image":{"@id":"https:\/\/suplementos.bcardmexico.com\/#\/schema\/logo\/image\/"}}]}},"_links":{"self":[{"href":"https:\/\/suplementos.bcardmexico.com\/index.php?rest_route=\/wp\/v2\/product\/21352","targetHints":{"allow":["GET"]}}],"collection":[{"href":"https:\/\/suplementos.bcardmexico.com\/index.php?rest_route=\/wp\/v2\/product"}],"about":[{"href":"https:\/\/suplementos.bcardmexico.com\/index.php?rest_route=\/wp\/v2\/types\/product"}],"replies":[{"embeddable":true,"href":"https:\/\/suplementos.bcardmexico.com\/index.php?rest_route=%2Fwp%2Fv2%2Fcomments&post=21352"}],"wp:featuredmedia":[{"embeddable":true,"href":"https:\/\/suplementos.bcardmexico.com\/index.php?rest_route=\/wp\/v2\/media\/21353"}],"wp:attachment":[{"href":"https:\/\/suplementos.bcardmexico.com\/index.php?rest_route=%2Fwp%2Fv2%2Fmedia&parent=21352"}],"wp:term":[{"taxonomy":"product_cat","embeddable":true,"href":"https:\/\/suplementos.bcardmexico.com\/index.php?rest_route=%2Fwp%2Fv2%2Fproduct_cat&post=21352"},{"taxonomy":"product_tag","embeddable":true,"href":"https:\/\/suplementos.bcardmexico.com\/index.php?rest_route=%2Fwp%2Fv2%2Fproduct_tag&post=21352"}],"curies":[{"name":"wp","href":"https:\/\/api.w.org\/{rel}","templated":true}]}}