{"id":21354,"date":"2025-06-03T21:47:37","date_gmt":"2025-06-03T21:47:37","guid":{"rendered":"https:\/\/suplementos.bcardmexico.com\/?post_type=product&#038;p=21354"},"modified":"2025-06-03T21:47:38","modified_gmt":"2025-06-03T21:47:38","slug":"mass-xtreme-2500","status":"publish","type":"product","link":"https:\/\/suplementos.bcardmexico.com\/?product=mass-xtreme-2500","title":{"rendered":"Mass xtreme 2500"},"content":{"rendered":"<p>Mutant Mass XXXtreme 2500 es un Mass Gainer de Mutant, cada uno de sus 10 servicios (4 scoops) te proporcionan: 92g de una mezcla de 3 tipos de Prote\u00edna, 2,540 Calor\u00edas, 510g de Carbohidratos y 15g de Grasa.<\/p>\n<p>Los ganadores de peso o \u201cMass Gainers\u201d, son complementos alimenticios formados por una mezcla de carbohidratos, prote\u00ednas y grasas que aportan una cantidad elevada de calor\u00edas. El objetivo principal de estos suplementos es aumentar el peso corporal en aquellas personas que son incapaces de consumir las calor\u00edas necesarias, ya sea por incapacidad para ingerir los alimentos o por el deseo de un aporte cal\u00f3rico r\u00e1pido.<\/p>\n<p><strong>Modo de uso:<\/strong>\u00a0La forma de empleo viene marcada en la parte de atr\u00e1s del producto, lo mejor es tomarlo con leche, ya que esto potencializa mucho los nutrientes y las ganancias musculares. De manera general, se recomienda dividir la ingesta diaria en varias tomas, evitando de esta forma posibles problemas gastrointestinales. Una parte 1h y media antes de entrenar y la otra terminando el entrenamiento.<\/p>\n","protected":false},"excerpt":{"rendered":"<p>Mutant Mass XXXtreme 2500 es un Mass Gainer de Mutant, cada uno de sus 10 servicios (4 scoops) te proporcionan: 92g de una mezcla de 3 tipos de Prote\u00edna, 2,540 Calor\u00edas, 510g de Carbohidratos y 15g de Grasa. Los ganadores de peso o \u201cMass Gainers\u201d, son complementos alimenticios formados por una mezcla de carbohidratos, prote\u00ednas [&hellip;]<\/p>\n","protected":false},"featured_media":21355,"comment_status":"open","ping_status":"closed","template":"","meta":[],"product_cat":[435],"product_tag":[],"class_list":{"0":"post-21354","1":"product","2":"type-product","3":"status-publish","4":"has-post-thumbnail","6":"product_cat-ganadores","8":"first","9":"instock","10":"shipping-taxable","11":"product-type-simple"},"yoast_head":"<!-- This site is optimized with the Yoast SEO Premium plugin v23.3 (Yoast SEO v23.3) - https:\/\/yoast.com\/wordpress\/plugins\/seo\/ -->\n<title>Mass xtreme 2500 - Suplementos RC<\/title>\n<meta name=\"robots\" content=\"noindex, follow, max-snippet:-1, max-image-preview:large, max-video-preview:-1\" \/>\n<meta property=\"og:locale\" content=\"es_MX\" \/>\n<meta property=\"og:type\" content=\"article\" \/>\n<meta property=\"og:title\" content=\"Mass xtreme 2500\" \/>\n<meta property=\"og:description\" content=\"Mutant Mass XXXtreme 2500 es un Mass Gainer de Mutant, cada uno de sus 10 servicios (4 scoops) te proporcionan: 92g de una mezcla de 3 tipos de Prote\u00edna, 2,540 Calor\u00edas, 510g de Carbohidratos y 15g de Grasa. Los ganadores de peso o \u201cMass Gainers\u201d, son complementos alimenticios formados por una mezcla de carbohidratos, prote\u00ednas [&hellip;]\" \/>\n<meta property=\"og:url\" content=\"https:\/\/suplementos.bcardmexico.com\/?product=mass-xtreme-2500\" \/>\n<meta property=\"og:site_name\" content=\"Suplementos RC\" \/>\n<meta property=\"article:modified_time\" content=\"2025-06-03T21:47:38+00:00\" \/>\n<meta property=\"og:image\" content=\"https:\/\/suplementos.bcardmexico.com\/wp-content\/uploads\/2025\/06\/Mass.jpg\" \/>\n\t<meta property=\"og:image:width\" content=\"1200\" \/>\n\t<meta property=\"og:image:height\" content=\"1200\" \/>\n\t<meta property=\"og:image:type\" content=\"image\/jpeg\" \/>\n<meta name=\"twitter:card\" content=\"summary_large_image\" \/>\n<meta name=\"twitter:label1\" content=\"Tiempo de lectura\" \/>\n\t<meta name=\"twitter:data1\" content=\"1 minuto\" \/>\n<script type=\"application\/ld+json\" class=\"yoast-schema-graph\">{\"@context\":\"https:\/\/schema.org\",\"@graph\":[{\"@type\":\"WebPage\",\"@id\":\"https:\/\/suplementos.bcardmexico.com\/?product=mass-xtreme-2500\",\"url\":\"https:\/\/suplementos.bcardmexico.com\/?product=mass-xtreme-2500\",\"name\":\"Mass xtreme 2500 - Suplementos RC\",\"isPartOf\":{\"@id\":\"https:\/\/suplementos.bcardmexico.com\/#website\"},\"primaryImageOfPage\":{\"@id\":\"https:\/\/suplementos.bcardmexico.com\/?product=mass-xtreme-2500#primaryimage\"},\"image\":{\"@id\":\"https:\/\/suplementos.bcardmexico.com\/?product=mass-xtreme-2500#primaryimage\"},\"thumbnailUrl\":\"https:\/\/suplementos.bcardmexico.com\/wp-content\/uploads\/2025\/06\/Mass.jpg\",\"datePublished\":\"2025-06-03T21:47:37+00:00\",\"dateModified\":\"2025-06-03T21:47:38+00:00\",\"breadcrumb\":{\"@id\":\"https:\/\/suplementos.bcardmexico.com\/?product=mass-xtreme-2500#breadcrumb\"},\"inLanguage\":\"es\",\"potentialAction\":[{\"@type\":\"ReadAction\",\"target\":[\"https:\/\/suplementos.bcardmexico.com\/?product=mass-xtreme-2500\"]}]},{\"@type\":\"ImageObject\",\"inLanguage\":\"es\",\"@id\":\"https:\/\/suplementos.bcardmexico.com\/?product=mass-xtreme-2500#primaryimage\",\"url\":\"https:\/\/suplementos.bcardmexico.com\/wp-content\/uploads\/2025\/06\/Mass.jpg\",\"contentUrl\":\"https:\/\/suplementos.bcardmexico.com\/wp-content\/uploads\/2025\/06\/Mass.jpg\",\"width\":1200,\"height\":1200},{\"@type\":\"BreadcrumbList\",\"@id\":\"https:\/\/suplementos.bcardmexico.com\/?product=mass-xtreme-2500#breadcrumb\",\"itemListElement\":[{\"@type\":\"ListItem\",\"position\":1,\"name\":\"Inicio\",\"item\":\"https:\/\/suplementos.bcardmexico.com\/\"},{\"@type\":\"ListItem\",\"position\":2,\"name\":\"Shop\",\"item\":\"https:\/\/suplementos.bcardmexico.com\/?page_id=9\"},{\"@type\":\"ListItem\",\"position\":3,\"name\":\"Mass xtreme 2500\"}]},{\"@type\":\"WebSite\",\"@id\":\"https:\/\/suplementos.bcardmexico.com\/#website\",\"url\":\"https:\/\/suplementos.bcardmexico.com\/\",\"name\":\"Suplementos RC\",\"description\":\"Servicio confiable\",\"publisher\":{\"@id\":\"https:\/\/suplementos.bcardmexico.com\/#organization\"},\"alternateName\":\"Sumplementos\",\"potentialAction\":[{\"@type\":\"SearchAction\",\"target\":{\"@type\":\"EntryPoint\",\"urlTemplate\":\"https:\/\/suplementos.bcardmexico.com\/?s={search_term_string}\"},\"query-input\":\"required name=search_term_string\"}],\"inLanguage\":\"es\"},{\"@type\":\"Organization\",\"@id\":\"https:\/\/suplementos.bcardmexico.com\/#organization\",\"name\":\"StraamingVirux\",\"url\":\"https:\/\/suplementos.bcardmexico.com\/\",\"logo\":{\"@type\":\"ImageObject\",\"inLanguage\":\"es\",\"@id\":\"https:\/\/suplementos.bcardmexico.com\/#\/schema\/logo\/image\/\",\"url\":\"https:\/\/suplementos.bcardmexico.com\/wp-content\/uploads\/2025\/05\/cropped-StreamingVirux.jpeg\",\"contentUrl\":\"https:\/\/suplementos.bcardmexico.com\/wp-content\/uploads\/2025\/05\/cropped-StreamingVirux.jpeg\",\"width\":512,\"height\":512,\"caption\":\"StraamingVirux\"},\"image\":{\"@id\":\"https:\/\/suplementos.bcardmexico.com\/#\/schema\/logo\/image\/\"}}]}<\/script>\n<!-- \/ Yoast SEO Premium plugin. -->","yoast_head_json":{"title":"Mass xtreme 2500 - Suplementos RC","robots":{"index":"noindex","follow":"follow","max-snippet":"max-snippet:-1","max-image-preview":"max-image-preview:large","max-video-preview":"max-video-preview:-1"},"og_locale":"es_MX","og_type":"article","og_title":"Mass xtreme 2500","og_description":"Mutant Mass XXXtreme 2500 es un Mass Gainer de Mutant, cada uno de sus 10 servicios (4 scoops) te proporcionan: 92g de una mezcla de 3 tipos de Prote\u00edna, 2,540 Calor\u00edas, 510g de Carbohidratos y 15g de Grasa. Los ganadores de peso o \u201cMass Gainers\u201d, son complementos alimenticios formados por una mezcla de carbohidratos, prote\u00ednas [&hellip;]","og_url":"https:\/\/suplementos.bcardmexico.com\/?product=mass-xtreme-2500","og_site_name":"Suplementos RC","article_modified_time":"2025-06-03T21:47:38+00:00","og_image":[{"width":1200,"height":1200,"url":"https:\/\/suplementos.bcardmexico.com\/wp-content\/uploads\/2025\/06\/Mass.jpg","type":"image\/jpeg"}],"twitter_card":"summary_large_image","twitter_misc":{"Tiempo de lectura":"1 minuto"},"schema":{"@context":"https:\/\/schema.org","@graph":[{"@type":"WebPage","@id":"https:\/\/suplementos.bcardmexico.com\/?product=mass-xtreme-2500","url":"https:\/\/suplementos.bcardmexico.com\/?product=mass-xtreme-2500","name":"Mass xtreme 2500 - Suplementos RC","isPartOf":{"@id":"https:\/\/suplementos.bcardmexico.com\/#website"},"primaryImageOfPage":{"@id":"https:\/\/suplementos.bcardmexico.com\/?product=mass-xtreme-2500#primaryimage"},"image":{"@id":"https:\/\/suplementos.bcardmexico.com\/?product=mass-xtreme-2500#primaryimage"},"thumbnailUrl":"https:\/\/suplementos.bcardmexico.com\/wp-content\/uploads\/2025\/06\/Mass.jpg","datePublished":"2025-06-03T21:47:37+00:00","dateModified":"2025-06-03T21:47:38+00:00","breadcrumb":{"@id":"https:\/\/suplementos.bcardmexico.com\/?product=mass-xtreme-2500#breadcrumb"},"inLanguage":"es","potentialAction":[{"@type":"ReadAction","target":["https:\/\/suplementos.bcardmexico.com\/?product=mass-xtreme-2500"]}]},{"@type":"ImageObject","inLanguage":"es","@id":"https:\/\/suplementos.bcardmexico.com\/?product=mass-xtreme-2500#primaryimage","url":"https:\/\/suplementos.bcardmexico.com\/wp-content\/uploads\/2025\/06\/Mass.jpg","contentUrl":"https:\/\/suplementos.bcardmexico.com\/wp-content\/uploads\/2025\/06\/Mass.jpg","width":1200,"height":1200},{"@type":"BreadcrumbList","@id":"https:\/\/suplementos.bcardmexico.com\/?product=mass-xtreme-2500#breadcrumb","itemListElement":[{"@type":"ListItem","position":1,"name":"Inicio","item":"https:\/\/suplementos.bcardmexico.com\/"},{"@type":"ListItem","position":2,"name":"Shop","item":"https:\/\/suplementos.bcardmexico.com\/?page_id=9"},{"@type":"ListItem","position":3,"name":"Mass xtreme 2500"}]},{"@type":"WebSite","@id":"https:\/\/suplementos.bcardmexico.com\/#website","url":"https:\/\/suplementos.bcardmexico.com\/","name":"Suplementos RC","description":"Servicio confiable","publisher":{"@id":"https:\/\/suplementos.bcardmexico.com\/#organization"},"alternateName":"Sumplementos","potentialAction":[{"@type":"SearchAction","target":{"@type":"EntryPoint","urlTemplate":"https:\/\/suplementos.bcardmexico.com\/?s={search_term_string}"},"query-input":"required name=search_term_string"}],"inLanguage":"es"},{"@type":"Organization","@id":"https:\/\/suplementos.bcardmexico.com\/#organization","name":"StraamingVirux","url":"https:\/\/suplementos.bcardmexico.com\/","logo":{"@type":"ImageObject","inLanguage":"es","@id":"https:\/\/suplementos.bcardmexico.com\/#\/schema\/logo\/image\/","url":"https:\/\/suplementos.bcardmexico.com\/wp-content\/uploads\/2025\/05\/cropped-StreamingVirux.jpeg","contentUrl":"https:\/\/suplementos.bcardmexico.com\/wp-content\/uploads\/2025\/05\/cropped-StreamingVirux.jpeg","width":512,"height":512,"caption":"StraamingVirux"},"image":{"@id":"https:\/\/suplementos.bcardmexico.com\/#\/schema\/logo\/image\/"}}]}},"_links":{"self":[{"href":"https:\/\/suplementos.bcardmexico.com\/index.php?rest_route=\/wp\/v2\/product\/21354","targetHints":{"allow":["GET"]}}],"collection":[{"href":"https:\/\/suplementos.bcardmexico.com\/index.php?rest_route=\/wp\/v2\/product"}],"about":[{"href":"https:\/\/suplementos.bcardmexico.com\/index.php?rest_route=\/wp\/v2\/types\/product"}],"replies":[{"embeddable":true,"href":"https:\/\/suplementos.bcardmexico.com\/index.php?rest_route=%2Fwp%2Fv2%2Fcomments&post=21354"}],"wp:featuredmedia":[{"embeddable":true,"href":"https:\/\/suplementos.bcardmexico.com\/index.php?rest_route=\/wp\/v2\/media\/21355"}],"wp:attachment":[{"href":"https:\/\/suplementos.bcardmexico.com\/index.php?rest_route=%2Fwp%2Fv2%2Fmedia&parent=21354"}],"wp:term":[{"taxonomy":"product_cat","embeddable":true,"href":"https:\/\/suplementos.bcardmexico.com\/index.php?rest_route=%2Fwp%2Fv2%2Fproduct_cat&post=21354"},{"taxonomy":"product_tag","embeddable":true,"href":"https:\/\/suplementos.bcardmexico.com\/index.php?rest_route=%2Fwp%2Fv2%2Fproduct_tag&post=21354"}],"curies":[{"name":"wp","href":"https:\/\/api.w.org\/{rel}","templated":true}]}}